{"id":2418,"date":"2021-02-10T16:56:25","date_gmt":"2021-02-10T15:56:25","guid":{"rendered":"https:\/\/mycalorieapp.de\/?page_id=2418"},"modified":"2025-10-25T17:35:06","modified_gmt":"2025-10-25T15:35:06","slug":"w2gpx-versionen","status":"publish","type":"page","link":"https:\/\/mycalorieapp.de\/?page_id=2418","title":{"rendered":"W2GPX Versionen"},"content":{"rendered":"<p>Version 1.1.6, Oktober 2025<\/p>\n<ul>\n<li>Volle Unterst\u00fctzung von Android 16<\/li>\n<li>Unterst\u00fctzung f\u00fcr Android 9 eingestellt<\/li>\n<li>Kleine Fehlerbehebungen<\/li>\n<\/ul>\n<p>Version 1.1.5, April 2025<\/p>\n<ul>\n<li>Volle Unterst\u00fctzung von Android 15<\/li>\n<li>Kleine Fehlerbehebungen<\/li>\n<\/ul>\n<p>Version 1.1.4, Juni 2024<\/p>\n<ul>\n<li>39 neue Sportarten<\/li>\n<li>Kleine Fehlerbehebungen<\/li>\n<\/ul>\n<p>Version 1.1.3, Dezember 2023<\/p>\n<ul>\n<li>Neu: Diagnose-Daten senden<\/li>\n<li>Volle Unterst\u00fctzung von Android 14<\/li>\n<li>Kleine Fehlerbehebungen<\/li>\n<\/ul>\n<p>Version 1.1.2, Oktober 2023<\/p>\n<ul>\n<li>Unterst\u00fctzung f\u00fcr Android 8 eingestellt<\/li>\n<li>Kleine Fehlerbehebungen<\/li>\n<\/ul>\n<p>Version 1.1.1, Dezember 2022<\/p>\n<ul>\n<li>Volle Unterst\u00fctzung von Android 13<\/li>\n<li>Kleine Fehlerbehebungen<\/li>\n<\/ul>\n<p>Version 1.1, Oktober 2022<\/p>\n<ul>\n<li>Neu: Auswahl des Zielverzeichnisses<\/li>\n<li>Neu: Unterst\u00fctzung von Google Drive<\/li>\n<li>Kleine Fehlerbehebungen<\/li>\n<\/ul>\n<p>Version 1.0.3, Juli 2022<\/p>\n<ul>\n<li>Kleine Fehlerbehebungen<\/li>\n<\/ul>\n<p>Version 1.0.2, Februar 2022<\/p>\n<ul>\n<li>Volle Unterst\u00fctzung von Android 12<\/li>\n<li>Kleine Fehlerbehebungen<\/li>\n<\/ul>\n<p>Version 1.0.1, Dezember 2021<\/p>\n<ul>\n<li>Volle Unterst\u00fctzung von Android 11<\/li>\n<li>Kleine Fehlerbehebungen<\/li>\n<\/ul>\n<p>Version 1.0, Juni 2021<\/p>\n<ul>\n<li>Erste \u00f6ffentliche Version<\/li>\n<\/ul>\n","protected":false},"excerpt":{"rendered":"<p>Version 1.1.6, Oktober 2025 Volle Unterst\u00fctzung von Android 16 Unterst\u00fctzung f\u00fcr Android 9 eingestellt Kleine Fehlerbehebungen Version 1.1.5, April 2025 Volle Unterst\u00fctzung von Android 15 Kleine Fehlerbehebungen Version 1.1.4, Juni 2024 39 neue Sportarten Kleine Fehlerbehebungen Version 1.1.3, Dezember 2023<\/p>\n","protected":false},"author":1,"featured_media":0,"parent":2402,"menu_order":0,"comment_status":"closed","ping_status":"closed","template":"","meta":{"footnotes":""},"class_list":["post-2418","page","type-page","status-publish","hentry","","tg-column-two"],"_links":{"self":[{"href":"https:\/\/mycalorieapp.de\/index.php?rest_route=\/wp\/v2\/pages\/2418","targetHints":{"allow":["GET"]}}],"collection":[{"href":"https:\/\/mycalorieapp.de\/index.php?rest_route=\/wp\/v2\/pages"}],"about":[{"href":"https:\/\/mycalorieapp.de\/index.php?rest_route=\/wp\/v2\/types\/page"}],"author":[{"embeddable":true,"href":"https:\/\/mycalorieapp.de\/index.php?rest_route=\/wp\/v2\/users\/1"}],"replies":[{"embeddable":true,"href":"https:\/\/mycalorieapp.de\/index.php?rest_route=%2Fwp%2Fv2%2Fcomments&post=2418"}],"version-history":[{"count":13,"href":"https:\/\/mycalorieapp.de\/index.php?rest_route=\/wp\/v2\/pages\/2418\/revisions"}],"predecessor-version":[{"id":3355,"href":"https:\/\/mycalorieapp.de\/index.php?rest_route=\/wp\/v2\/pages\/2418\/revisions\/3355"}],"up":[{"embeddable":true,"href":"https:\/\/mycalorieapp.de\/index.php?rest_route=\/wp\/v2\/pages\/2402"}],"wp:attachment":[{"href":"https:\/\/mycalorieapp.de\/index.php?rest_route=%2Fwp%2Fv2%2Fmedia&parent=2418"}],"curies":[{"name":"wp","href":"https:\/\/api.w.org\/{rel}","templated":true}]}}