{"id":209,"date":"2019-03-18T17:43:11","date_gmt":"2019-03-18T16:43:11","guid":{"rendered":"http:\/\/fitmitgicht.de\/?page_id=209"},"modified":"2026-03-09T18:58:11","modified_gmt":"2026-03-09T17:58:11","slug":"mycalorieapp-versionen","status":"publish","type":"page","link":"https:\/\/mycalorieapp.de\/?page_id=209","title":{"rendered":"MyCalorieApp Versionen"},"content":{"rendered":"<p>Version 3.6.3, M\u00e4rz 2026<\/p>\n<ul>\n<li>Lesen der Trainingsenergie von Google Health Connect verbessert<\/li>\n<li>Fehlerbehebung: Fehlermeldung, wenn Training von Google Health Connect gel\u00f6scht wird<\/li>\n<li>Fehlerbehebung: Einfrieren der App, wenn Google Health Connect aktiv ist, aber alle Berechtigungen abgelehnt werden<\/li>\n<li>Kleine Fehlerbehebungen<\/li>\n<\/ul>\n<p>Version 3.6.1, Oktober 2025<\/p>\n<ul>\n<li>Kleine Fehlerbehebungen<\/li>\n<\/ul>\n<p>Version 3.6, Oktober 2025<\/p>\n<ul>\n<li>Volle Unterst\u00fctzung von Android 16<\/li>\n<li>Tagesvorgaben f\u00fcr Magnesium aktualisiert<\/li>\n<li>Verwaiste Barcodes korrigiert<\/li>\n<li>Unterst\u00fctzung f\u00fcr Android 9 eingestellt<\/li>\n<li>Kleine Fehlerbehebungen<\/li>\n<\/ul>\n<p>Version 3.5.4, August 2025<\/p>\n<ul>\n<li>Unterst\u00fctzung f\u00fcr 16 KB page size hinzugef\u00fcgt<\/li>\n<li>Sicherheit beim Kauf des Pro-Kontos verbessert<\/li>\n<li>Kleine Fehlerbehebungen<\/li>\n<\/ul>\n<p>Version 3.5.3, Juli 2025<\/p>\n<ul>\n<li>Log-in mit Google Credential Manager<\/li>\n<li>Neu: Diagnosefunktion f\u00fcr Google Health Connect<\/li>\n<li>Verhalten der Tastatur in der Suche verbessert<\/li>\n<li>Sicherheit beim Kauf des Pro-Kontos verbessert<\/li>\n<li>Erkennung und \u00dcbertragung von Lizenzen verbessert (Google Play Store)<\/li>\n<li>Browsen von Rezeptzutaten zeigt nun N\u00e4hrwerte bezogen auf die Zutatenmenge an<\/li>\n<li>Kleine Fehlerbehebungen<\/li>\n<\/ul>\n<p>Version 3.5.2, April 2025<\/p>\n<ul>\n<li>Doppelte Schalter &#8222;Ber\u00fccksichtige Grundbedarf&#8220; zusammengef\u00fchrt<\/li>\n<li>Fehlerbehebung: Doppelte Trainings von Google Health Connect<\/li>\n<li>Fehlerbehebung: Migration von Google Fit zu Google Health Connect erfordert zwingend die Installation des Health Connect Clients<\/li>\n<li>Kleine Fehlerbehebungen<\/li>\n<\/ul>\n<p>Version 3.5.1, M\u00e4rz 2025<\/p>\n<ul>\n<li>Kleine Fehlerbehebungen<\/li>\n<\/ul>\n<p>Version 3.5, Februar 2025<\/p>\n<ul>\n<li>Neu: Unterst\u00fctzung von Google Health Connect f\u00fcr Trainings und K\u00f6rpergewicht<\/li>\n<li>Pro: T\u00e4gliche Werte mit Stimmung und Notiz<\/li>\n<li>Erkennung doppelter Lizenzen verbessert<\/li>\n<li>Verbesserte Diagnosedaten<\/li>\n<li>Kleine Fehlerbehebungen<\/li>\n<\/ul>\n<p>Version 3.4, Dezember 2024<\/p>\n<ul>\n<li>Volle Unterst\u00fctzung von Android 15<\/li>\n<li>Upgrade der Server-Datenbank<\/li>\n<li>Kleine Fehlerbehebungen<\/li>\n<\/ul>\n<p>Version 3.3.5, Oktober 2024<\/p>\n<ul>\n<li>Kleine Fehlerbehebungen<\/li>\n<\/ul>\n<p>Version 3.3.4, Juni 2024<\/p>\n<ul>\n<li>Kleine Fehlerbehebungen<\/li>\n<\/ul>\n<p>Version 3.3.3, Juni 2024<\/p>\n<ul>\n<li>Kleine Fehlerbehebungen<\/li>\n<\/ul>\n<p>Version 3.3.1, Juni 2024<\/p>\n<ul>\n<li>Kleine Fehlerbehebungen<\/li>\n<\/ul>\n<p>Version 3.3, Juni 2024<\/p>\n<ul>\n<li>Erkennung und \u00dcbertragung von Lizenzen verbessert (Samsung Galaxy Store)<\/li>\n<li>Kleine Fehlerbehebungen<\/li>\n<\/ul>\n<p>Version 3.2.6, April 2024<\/p>\n<ul>\n<li>Fehlerbehebung: Doppelte Lizenzgutschrift<\/li>\n<li>Kleine Fehlerbehebungen<\/li>\n<\/ul>\n<p>Version 3.2.5, M\u00e4rz 2024<\/p>\n<ul>\n<li>Kleine Fehlerbehebungen<\/li>\n<\/ul>\n<p>Version 3.2.4, M\u00e4rz 2024<\/p>\n<ul>\n<li>Fehlerbehebung: L\u00f6schung von Gewichtswerten, die zu Google Fit geschrieben wurden<\/li>\n<li>Kleine Fehlerbehebungen<\/li>\n<\/ul>\n<p>Version 3.2.3, M\u00e4rz 2024<\/p>\n<ul>\n<li>Kleine Fehlerbehebungen<\/li>\n<\/ul>\n<p>Version 3.2.2, Februar 2024<\/p>\n<ul>\n<li>Scannen von Barcodes f\u00fcr neue Lebensmittel gest\u00e4rkt<\/li>\n<li>Erkennung von Lizenzen verbessert<\/li>\n<li>Fehlerbehebung: Dummies sind \u00e4nderbar<\/li>\n<li>Kleine Fehlerbehebungen<\/li>\n<\/ul>\n<p>Version 3.2.1, Dezember 2023<\/p>\n<ul>\n<li>Volle Unterst\u00fctzung von Android 14<\/li>\n<li>Zuverl\u00e4ssigkeit des Barcode-Scanners erh\u00f6ht<\/li>\n<li>Plattform zur Einwilligungsverwaltung aktualisiert<\/li>\n<li>Kleine Fehlerbehebungen<\/li>\n<\/ul>\n<p>Version 3.2, Oktober 2023<\/p>\n<ul>\n<li>Pro: T\u00e4gliche Werte<\/li>\n<li>Fehlerbehebung: Rezeptb\u00f6rse zeigt weniger als 20 Eintr\u00e4ge an<\/li>\n<li>Kleine Fehlerbehebungen<\/li>\n<\/ul>\n<p>Version 3.1.5, August 2023<\/p>\n<ul>\n<li>Mengenvorschlag beim Wechsel der Portionsgr\u00f6\u00dfe verbessert<\/li>\n<li>Unterst\u00fctzung f\u00fcr Android 8 eingestellt<\/li>\n<li>Fehlerbehebung: Gewicht l\u00e4sst sich nicht l\u00f6schen<\/li>\n<li>Kleine Fehlerbehebungen<\/li>\n<\/ul>\n<p>Version 3.1.4, Juni 2023<\/p>\n<ul>\n<li>Neu: L\u00f6schen des Benutzerkontos<\/li>\n<li>Optik des Shops verbessert<\/li>\n<li>Fehlerbehebung: Absturz bei Mahlzeit mit Prozentzeichen<\/li>\n<li>Kleine Fehlerbehebungen<\/li>\n<\/ul>\n<p>Version 3.1.3, April 2023<\/p>\n<ul>\n<li>Kleine Fehlerbehebungen<\/li>\n<\/ul>\n<p>Version 3.1.2, M\u00e4rz 2023<\/p>\n<ul>\n<li>Unterst\u00fctzung der Android-Kontoverwaltung<\/li>\n<li>Falsche Fehlermeldung beim Hinzuf\u00fcgen eines Lebensmittels behoben<\/li>\n<li>Kleine Fehlerbehebungen<\/li>\n<\/ul>\n<p>Version 3.1.1, Dezember 2022<\/p>\n<ul>\n<li>Volle Unterst\u00fctzung von Android 13<\/li>\n<li>Neu: Auswahl f\u00fcr die Sprache der App (ab Android 13)<\/li>\n<li>Neu: Dauer eines einzelnen Trainings beim Kopieren \u00e4ndern<\/li>\n<li>Neu: Status des Wasser-Trackings in Mein Tag, optional<\/li>\n<li>Unterst\u00fctzung von UPC-A- und UPC-E-Barcodes<\/li>\n<li>Ber\u00fccksichtigung eines Mindestwerts f\u00fcr Chlorid<\/li>\n<li>Auswertung von Zeitr\u00e4umen beschleunigt<\/li>\n<li>Fehlerbehebung: Kamera zeigt schwarzen Bildschirm<\/li>\n<li>Kleine Fehlerbehebungen<\/li>\n<\/ul>\n<p>Version 3.1, Oktober 2022<\/p>\n<ul>\n<li>Video: <a href=\"https:\/\/www.youtube.com\/watch?v=LKKcNvXevHA\"><img loading=\"lazy\" decoding=\"async\" class=\"alignnone wp-image-2429 size-full\" src=\"https:\/\/mycalorieapp.de\/wp-content\/uploads\/2021\/02\/yt_icon_rgb_28x20-1.png\" alt=\"YouTube\" width=\"28\" height=\"20\" \/><\/a><\/li>\n<li>Neuer Barcode-Scanner<\/li>\n<li>Pro: CSV-Export unterst\u00fctzt Verzeichnisauswahl<\/li>\n<li>Pro: CSV-Export unterst\u00fctzt Google Drive<\/li>\n<li>Import-Assistent unterst\u00fctzt beliebige lokale Verzeichnisse und Google Drive<\/li>\n<li>Kleine Fehlerbehebungen<\/li>\n<\/ul>\n<p>Version 3.0.14, Juli 2022<\/p>\n<ul>\n<li>Google Analytics entfernt<\/li>\n<li>Unterst\u00fctzung f\u00fcr Android 7 eingestellt<\/li>\n<li>Kleine Fehlerbehebungen<\/li>\n<\/ul>\n<p>Version 3.0.13, Juni 2022<\/p>\n<ul>\n<li>Kleine Fehlerbehebungen<\/li>\n<\/ul>\n<p>Version 3.0.12, Juni 2022<\/p>\n<ul>\n<li>Kleine Fehlerbehebungen<\/li>\n<\/ul>\n<p>Version 3.0.11, Juni 2022<\/p>\n<ul>\n<li>Serverzugriff in Auswertung und Export beschleunigt<\/li>\n<li>Integration der StepsApp entfernt<\/li>\n<li>Kleine Fehlerbehebungen<\/li>\n<\/ul>\n<p>Version 3.0.10, Mai 2022<\/p>\n<ul>\n<li>Kleine Fehlerbehebungen<\/li>\n<\/ul>\n<p>Version 3.0.9, April 2022<\/p>\n<ul>\n<li>Neu: Google Fit, Schalter f\u00fcr \u00dcbernahme unbekannter Aktivit\u00e4ten<\/li>\n<li>Einheit von mehr als 760 Lebensmitteln von Gramm auf Milliliter korrigiert<\/li>\n<li>Fehlerbehebung: Barcode-Scanner funktioniert nicht aus Widget<\/li>\n<li>Fehlerbehebung: Listen, die nur aus Rezepten bestehen, verschwinden<\/li>\n<li>Fehlerbehebung: Listen-Elemente zeigen Menge mehrfach an<\/li>\n<li>Kleine Fehlerbehebungen<\/li>\n<\/ul>\n<p>Version 3.0.8, Februar 2022<\/p>\n<ul>\n<li>Neu: Aufnahme von Rezepten in privaten Listen<\/li>\n<li>Neu: Startdatum des Di\u00e4t-Assistenten ver\u00e4nderbar<\/li>\n<li>Neu: Ergebnismenge bei Rezepten, zus\u00e4tzlich zum Wasserverlust<\/li>\n<li>Gewichtstagebuch und Auswertung behalten ausgew\u00e4hlten Zeitraum<\/li>\n<li>Textsuche verbessert<\/li>\n<li>Volle Unterst\u00fctzung von Android 12<\/li>\n<li>Kleine Fehlerbehebungen<\/li>\n<\/ul>\n<p>Version 3.0.7, Dezember 2021<\/p>\n<ul>\n<li>Kleine Fehlerbehebungen<\/li>\n<\/ul>\n<p>Version 3.0.6, Dezember 2021<\/p>\n<ul>\n<li>Volle Unterst\u00fctzung von Android 11<\/li>\n<li>Portionsgr\u00f6\u00dfen vereinfacht<\/li>\n<li>Kleine Fehlerbehebungen<\/li>\n<\/ul>\n<p>Version 3.0.5, Oktober 2021<\/p>\n<ul>\n<li>Unterst\u00fctzung f\u00fcr Android 6 eingestellt<\/li>\n<li>Kleine Fehlerbehebungen<\/li>\n<\/ul>\n<p>Version 3.0.4, August 2021<\/p>\n<ul>\n<li>Zuverl\u00e4ssigkeit der Lizenz\u00fcbertragung erh\u00f6ht<\/li>\n<li>Kleine Fehlerbehebungen<\/li>\n<\/ul>\n<p>Version 3.0.3, Juli 2021<\/p>\n<ul>\n<li>Kleine Fehlerbehebungen<\/li>\n<\/ul>\n<p>Version 3.0.2, Juli 2021<\/p>\n<ul>\n<li>Fehlerbehebung: Wasser-Tracking nicht mit Rezepten m\u00f6glich<\/li>\n<li>Fehlerbehebung: Falsche Lebensmittel-Kategorien in Suche<\/li>\n<li>Fehlerbehebung: Gewichtsdifferenz auf Startseite falsch angezeigt<\/li>\n<li>Kleine Fehlerbehebungen<\/li>\n<\/ul>\n<p>Version 3.0.1, Mai 2021<\/p>\n<ul>\n<li>Kleine Fehlerbehebungen<\/li>\n<\/ul>\n<p>Version 3.0, Mai 2021<\/p>\n<ul>\n<li>Video: <a href=\"https:\/\/www.youtube.com\/watch?v=znYkOKXrj0o\"><img loading=\"lazy\" decoding=\"async\" class=\"alignnone wp-image-2429 size-full\" src=\"https:\/\/mycalorieapp.de\/wp-content\/uploads\/2021\/02\/yt_icon_rgb_28x20-1.png\" alt=\"\" width=\"28\" height=\"20\" \/><\/a><\/li>\n<li>Neu: Kachel f\u00fcr Wassereingabe<\/li>\n<li>Update auf Google Play Billing API V3<\/li>\n<li>Startseite zeigt Kurzauswertung f\u00fcr Salz an<\/li>\n<li>Verhalten der Tastatur verbessert<\/li>\n<li>Lizenz-History ist zeitlich sortiert<\/li>\n<li>CSV-Export und Import-Assistent angepasst<\/li>\n<li>Kleine Fehlerbehebungen<\/li>\n<\/ul>\n<p>Version 2.5.3, M\u00e4rz 2021<\/p>\n<ul>\n<li>Facebook- und Amazon-Login entfernt<\/li>\n<li>Zuverl\u00e4ssigkeit der Lizenz\u00fcbertragung erh\u00f6ht<\/li>\n<li>Kleine Fehlerbehebungen<\/li>\n<\/ul>\n<p>Version 2.5.2, Februar 2021<\/p>\n<ul>\n<li>Video: <a href=\"https:\/\/www.youtube.com\/watch?v=3eIaCHKadNU\"><img loading=\"lazy\" decoding=\"async\" class=\"size-full wp-image-2429 alignnone\" src=\"https:\/\/mycalorieapp.de\/wp-content\/uploads\/2021\/02\/yt_icon_rgb_28x20-1.png\" alt=\"\" width=\"28\" height=\"20\" \/><\/a><\/li>\n<li>Verhalten der Tastatur verbessert<\/li>\n<li>Ausf\u00fchrliche R\u00fcckmeldungen zu Lebensmitteln, Sportarten, \u00f6ffentlichen Rezepten und Listen<\/li>\n<li>Neue Warnung, bevor Benutzerkonto mit identischer E-Mail-Adresse erstellt wird<\/li>\n<li>Zuverl\u00e4ssigkeit der Lizenz\u00fcbertragung erh\u00f6ht<\/li>\n<li>Neue Einstellung f\u00fcr Cache-Dauer der vergangenen Eintr\u00e4ge<\/li>\n<li>Kleine Fehlerbehebungen<\/li>\n<\/ul>\n<p>Version 2.5.1, Dezember 2020<\/p>\n<ul>\n<li>Synchronisation der Lebensmittel beschleunigt<\/li>\n<li>Rezensionen f\u00fcr den Google Play Store in der App hinzugef\u00fcgt<\/li>\n<li>Zahlreiche kleine Verbesserungen<\/li>\n<li>Kleine Fehlerbehebungen<\/li>\n<\/ul>\n<p>Version 2.5, November 2020<\/p>\n<ul>\n<li>Anmeldung mit Facebook und Amazon wird ab dem 01.03.2021 nicht mehr unterst\u00fctzt<\/li>\n<li>Werbe-Vermittlungsservice AdinCube entfernt<\/li>\n<li>Datenschutzerkl\u00e4rung und Nutzungsbedingungen aktualisiert<\/li>\n<li>Unterst\u00fctzung f\u00fcr Daten-Import aus Basic und Swiss eingestellt<\/li>\n<li>Kleine Fehlerbehebungen<\/li>\n<\/ul>\n<p>Version 2.4, September 2020<\/p>\n<ul>\n<li>Neues Logo<\/li>\n<li>Pro: Summen in der Auswertung<\/li>\n<li>Neu: Kurzauswertung in Mein Tag zeigt verbleibende Werte an<\/li>\n<li>Neu: Kennzeichnung f\u00fcr vegetarisch, vegan, laktosefrei, glutenfrei, Naturprodukt<\/li>\n<li>Anzeige des Pr\u00fcfungsstatus&#8216; der Lebensmittel<\/li>\n<li>Download-Gr\u00f6\u00dfe der App verkleinert<\/li>\n<li>Unterst\u00fctzung f\u00fcr Android 5 eingestellt<\/li>\n<li>Kleine Fehlerbehebungen<\/li>\n<\/ul>\n<p>Version 2.3.9, Juli 2020<\/p>\n<ul>\n<li>Zuordnung von Getr\u00e4nken zu Mahlzeiten verbessert<\/li>\n<li>Timeout f\u00fcr Login verbessert<\/li>\n<li>Zeilen in der Liste der Lebensmittel gr\u00f6sser gestaltet<\/li>\n<li>Bestimme Schl\u00fcsselw\u00f6rter f\u00fcr neue Lebensmittel blockiert<\/li>\n<li>Neu: Firebase Crashlytics<\/li>\n<li>Fehlerbehebung: Eintr\u00e4ge von Google Fit werden nach Trennung nicht gel\u00f6scht<\/li>\n<li>Fehlerbehebung: Zur\u00fccksetzen des Passworts funktioniert nicht<\/li>\n<li>Fehlerbehebung: Falsche Schriftgr\u00f6\u00dfe, nachdem App aufgeweckt wurde<\/li>\n<li>Kleine Fehlerbehebungen<\/li>\n<\/ul>\n<p>Version 2.3.8, April 2020<\/p>\n<ul>\n<li>Fehlerbehebung: Unn\u00f6tiger Dialog f\u00fcr Rechteanforderung<\/li>\n<li>Kleine Fehlerbehebungen<\/li>\n<\/ul>\n<p>Version 2.3.7, April 2020<\/p>\n<ul>\n<li>Kleine Fehlerbehebungen<\/li>\n<\/ul>\n<p>Version 2.3.6, Februar 2020<\/p>\n<ul>\n<li>Fehlerbehebung: App \u00fcbernimmt Android-Zeichensatzgr\u00f6\u00dfe nicht<\/li>\n<li>Fehlerbehebung: Kalorien f\u00fcr berufliche Aktivit\u00e4t bei undefinierten Tagen nicht korrekt<\/li>\n<li>Kleine Fehlerbehebungen<\/li>\n<\/ul>\n<p>Version 2.3.5, Dezember 2019<\/p>\n<ul>\n<li>Pro: Anzahl der Listen und Rezepte von 250 auf 500 erh\u00f6ht<\/li>\n<li>Pro: Neue Tagesstimmung hinzugef\u00fcgt: Erbrechen<\/li>\n<li>Volle Unterst\u00fctzung von Android 10<\/li>\n<li>Update der Google Fit API<\/li>\n<li>Update der Google Log-in API<\/li>\n<li>Material Design f\u00fcr Kn\u00f6pfe<\/li>\n<li>Kleine Fehlerbehebungen<\/li>\n<\/ul>\n<p>Version 2.3.2, August 2019<\/p>\n<ul>\n<li>\u00dcbersetzungen f\u00fcr spanisch, italienisch, franz\u00f6sisch vervollst\u00e4ndigt<\/li>\n<li>Kleine Fehlerbehebungen<\/li>\n<\/ul>\n<p>Version 2.3.1, Juni 2019<\/p>\n<ul>\n<li>Neue Portionseinheit hinzugef\u00fcgt: Riegel<\/li>\n<li>Lebensmittel-Kategorien vereinfacht<\/li>\n<li>Definition der Energiedichte nach Prof. Dr. Schusdziarra<\/li>\n<li>Neu: Marke\/Hersteller, Kategorie und Salz\/Natrium verpflichtend f\u00fcr neue Lebensmittel<\/li>\n<li>Eingabe von &#8222;Naturprodukt&#8220; entfernt<\/li>\n<li>Anzeige der Werte f\u00fcr Salz korrigiert<\/li>\n<li>Fehlerbehebung: Liste der Suchergebnisse unvollst\u00e4ndig<\/li>\n<li>Fehlerbehebung: Fehlendes Zugriffsrecht beim Import<\/li>\n<li>Fehlermeldungen verbessert<\/li>\n<li>Unterst\u00fctzung f\u00fcr Android 4.4 eingestellt<\/li>\n<li>Kleine Fehlerbehebungen<\/li>\n<\/ul>\n<p>Version 2.3, M\u00e4rz 2019<\/p>\n<ul>\n<li>Pro-Konto: Konfiguration der Mahlzeiten<\/li>\n<li>Neu: Automatischer Tageswechsel in Mein Tag und im Gewichtstagebuch<\/li>\n<li>Neu: \u00dcberpr\u00fcfung der N\u00e4hrwerte von neuen und ge\u00e4nderten Lebensmitteln<\/li>\n<li>Neu: Zucker und ges\u00e4ttigte Fetts\u00e4uren verpflichtend f\u00fcr neue und ge\u00e4nderte Lebensmittel<\/li>\n<li>Aktualisierung der empfohlenen Tageswerte f\u00fcr Salz\/Natrium, Jod, Vitamin B12 und D, Alkohol (nach DGE)<\/li>\n<li>Volle Unterst\u00fctzung von Android 9.0 Pie<\/li>\n<li>Upgrade auf AndroidX-Bibliotheken<\/li>\n<li>Fehlerbehebung: keine Portionsauswahl f\u00fcr Rezeptzutaten<\/li>\n<li>Kleine Fehlerbehebungen<\/li>\n<\/ul>\n<p>Version 2.2.7, Dezember 2018<\/p>\n<ul>\n<li>Support-Informationen k\u00f6nnen via E-Mail \u00fcbermittelt werden<\/li>\n<li>Fehlerbehebung: Kein Login aus Widget<\/li>\n<li>Unterst\u00fctzung f\u00fcr Android 4.2 und 4.3 eingestellt<\/li>\n<li>Kleine Fehlerbehebungen<\/li>\n<\/ul>\n<p>Version 2.2.6, August 2018<\/p>\n<ul>\n<li>Pro-Konto: Brustumfang, Unterbrust, Oberarm, Oberschenkel, Knie, Wade im Gewichtstagebuch<\/li>\n<li>Neu: Wischgeste zum Wechseln des Tages auf Startseite und in Mein Tag<\/li>\n<li>Neu: Zeitraum 180 Tage im Gewichtstagebuch<\/li>\n<li>Anzeige der Datenschutzerkl\u00e4rung \u00fcberarbeitet<\/li>\n<li>Textsuche verbessert<\/li>\n<li>Kleine Fehlerbehebungen<\/li>\n<\/ul>\n<p>Version 2.2.5, Juli 2018<\/p>\n<ul>\n<li>Automatische Barcode-Verkn\u00fcpfung, wenn vorhandenes Lebensmittel gew\u00e4hlt wird statt neues zu erstellen<\/li>\n<li>Neues E-Mail-basiertes Benutzerkonto ben\u00f6tigt keine Aktivierung mehr<\/li>\n<li>Neue Warnmeldung, wenn Benutzerkonto gewechselt wird<\/li>\n<li>N\u00e4hrwerte eines Lebensmittels leichter \u00e4nderbar aus Verzehreingabe<\/li>\n<li>Kleine Fehlerbehebungen<\/li>\n<\/ul>\n<p>Version 2.2.4, Mai 2018<\/p>\n<ul>\n<li>Neue Einstellung f\u00fcr App-Updates<\/li>\n<li>Neue Einstellung f\u00fcr anonyme Nutzungstatistiken<\/li>\n<li>Volle Unterst\u00fctzung von Android 8.0 Oreo<\/li>\n<li>Neue Datenschutzerkl\u00e4rung, konform zur EU-DSGVO<\/li>\n<li>Kleine Fehlerbehebungen<\/li>\n<\/ul>\n<p>Version 2.2.3, M\u00e4rz 2018<\/p>\n<ul>\n<li>Kleine Fehlerbehebungen<\/li>\n<\/ul>\n<p>Version 2.2.2, Februar 2018<\/p>\n<ul>\n<li>Textsuche deutlich verbessert<\/li>\n<li>Kleine Fehlerbehebungen<\/li>\n<\/ul>\n<p>Version 2.2.1, Dezember 2017<\/p>\n<ul>\n<li>Kleine Fehlerbehebungen<\/li>\n<\/ul>\n<p>Version 2.2, Dezember 2017<\/p>\n<ul>\n<li>Kopplung mit dem Schrittz\u00e4hler StepsApp<\/li>\n<li>Pro-Konto: Kommentare f\u00fcr Zutaten<\/li>\n<li>Kleine Fehlerbehebungen<\/li>\n<\/ul>\n<p>Version 2.1.4, November 2017<\/p>\n<ul>\n<li>Kleine Fehlerbehebungen<\/li>\n<\/ul>\n<p>Version 2.1.3, Oktober 2017<\/p>\n<ul>\n<li>Neues Logo<\/li>\n<li>Fehlerbehebung: Ge\u00e4nderte Werte gehen verloren, wenn Dialog erscheint<\/li>\n<li>Fehlerbehebung: Initialisierung blockiert<\/li>\n<li>Kleine Fehlerbehebungen<\/li>\n<\/ul>\n<p>Version 2.1.2, September 2017<\/p>\n<ul>\n<li>Synchronisation der beruflichen T\u00e4tigkeit verbessert<\/li>\n<li>Kleine Fehlerbehebungen<\/li>\n<\/ul>\n<p>Version 2.1.1, September 2017<\/p>\n<ul>\n<li>Kleine Fehlerbehebungen<\/li>\n<\/ul>\n<p>Version 2.1, September 2017<\/p>\n<ul>\n<li>Anmeldung mit Amazon<\/li>\n<li>App unterst\u00fctzt 5 Sprachen: deutsch, englisch, spanisch, franz\u00f6sisch, italienisch<\/li>\n<li>Fehlerbehebung: Individuelle Tagesvorgaben werden nicht gespeichert<\/li>\n<li>Kleine Fehlerbehebungen<\/li>\n<\/ul>\n<p>Version 2.0.1, September 2017<\/p>\n<ul>\n<li>Bug-fix: Samsung In-App-Kauf<\/li>\n<\/ul>\n<p>Version 2.0, August 2017<\/p>\n<ul>\n<li>Pro-Konto: Drucken<\/li>\n<li>Pro-Konto: PDF-Export<\/li>\n<li>Pro-Konto: CSV-Export<\/li>\n<li>Pro-Konto: Notiz f\u00fcr Verzehre<\/li>\n<li>Pro-Konto: Neues Layout der Einstellungen f\u00fcr Energieverteilung<\/li>\n<li>Pro-Konto: Einstellungen f\u00fcr Zieldatum beim Kopieren von Eintr\u00e4gen in Mein Tag hinzugef\u00fcgt<\/li>\n<li>Export und Teilen von Bildern<\/li>\n<li>Rezeptb\u00f6rse zum Austausch von Rezepten und Listen<\/li>\n<li>Rezepte und Listen k\u00f6nnen \u00f6ffentlich sein<\/li>\n<li>Anzeige aller benutzerdefinierten Lebensmittel eines Benutzers<\/li>\n<li>Textsuche f\u00fcr Kategorie-Auswahl<\/li>\n<li>Neu: Kopieren eines Gewichts-Eintrags<\/li>\n<li>Neu: Notiz f\u00fcr Expresseingabe der Trainings<\/li>\n<li>Vorschlag f\u00fcr fehlende Kategorie eines neuen Lebensmittels<\/li>\n<li>Vegetarisch, vegan, laktosefrei, glutenfrei, Naturprodukt beim Erstellen und \u00c4ndern von Lebensmitteln<\/li>\n<li>Fehlerbehebung: Berechnung der Energie ist falsch beim Hinzuf\u00fcgen eines Trainings<\/li>\n<li>Kleine Fehlerbehebungen<\/li>\n<\/ul>\n<p>Version 1.2.1, Juli 2017<\/p>\n<ul>\n<li>Pro-Konto: T\u00e4gliche Stimmung<\/li>\n<li>Pro-Konto: Auswertung, Anzeige der Energiedichte<\/li>\n<li>Neues Design f\u00fcr Auswertung<\/li>\n<li>Knopf f\u00fcr Heute auf Startseite und Mein Tag<\/li>\n<li>Neue Einstellung f\u00fcr Suche: bevorzuge rohe Lebensmittel<\/li>\n<li>Kopieren von Eintr\u00e4gen: \u00c4nderung der Menge (bei 1 Verzehr)<\/li>\n<li>Kopieren von Eintr\u00e4gen: Vorschlag des Datums verbessert<\/li>\n<li>Mein Tag: Aufklapp-Status der Mahlzeiten wird gespeichert<\/li>\n<li>Zahleneingabe bei Energieverteilung m\u00f6glich<\/li>\n<li>Notizzeile durch mehrzeiligen Dialog ersetzt<\/li>\n<li>Fehlerbehebung: Auswahl der beruflichen Aktivit\u00e4t unzuverl\u00e4ssig<\/li>\n<li>Kleine Verbesserungen und Fehlerbehebungen<\/li>\n<\/ul>\n<p>Version 1.2, Juni 2017<\/p>\n<ul>\n<li>Pro-Konto: Tages-Notiz<\/li>\n<li>Neues Lebensmittel kann sofort als Favorit gesetzt werden<\/li>\n<li>Referenzwerte nach DGE aktualisiert<\/li>\n<li>Smartes Schnell-Login f\u00fcr Google und Facebook<\/li>\n<li>Schnell-Login abschaltbar<\/li>\n<li>Auto-Login abschaltbar<\/li>\n<li>Neue Einstellung f\u00fcr Widgets: Sprungziel f\u00fcr &#8222;Verzehr hinzuf\u00fcgen&#8220;<\/li>\n<li>Neue Einstellung f\u00fcr Cache-Dauer der heutigen Eintr\u00e4ge<\/li>\n<li>Fehlerbehebung: Workaround f\u00fcr Fehler in Android 7.0\/7.1<\/li>\n<li>Fehlerbehebung: App h\u00e4ngt beim Aufruf vergangener Tage<\/li>\n<li>Fehlerbehebung: Einstellungen werden nicht zum Server \u00fcbertragen<\/li>\n<li>Fehlerbehebung: Datum geht beim Wechsel von Mein Tag zur Startseite verloren<\/li>\n<li>Fehlerbehebung: Keine \u00c4nderung der Kategorie einiger Lebensmittel m\u00f6glich<\/li>\n<li>Fehlerbehebung: Werte von Google Fit fehlen in Widgets<\/li>\n<li>Fehlerbehebung: Gewichtstagebuch verliert Werte f\u00fcr Taille und H\u00fcfte<\/li>\n<li>Fehlerbehebung: Anlegen eines neuen E-Mail-basierten Benutzerkontos nicht m\u00f6glich<\/li>\n<li>Fehlerbehebung: Initialisierung blockiert<\/li>\n<li>Kleine Fehlerbehebungen<\/li>\n<\/ul>\n<p>Version 1.1.1, M\u00e4rz 2017<\/p>\n<ul>\n<li>Kleine Fehlerbehebungen<\/li>\n<\/ul>\n<p>Version 1.1, M\u00e4rz 2017<\/p>\n<ul>\n<li>Neu: \u00c4ndern von Lebensmitteln (nicht f\u00fcr private Lebensmittel)<\/li>\n<li>Pro-Konto: Kopieren von Rezepten<\/li>\n<li>Fehlerbehebung: keine \u00c4nderung von zuk\u00fcnftigen Verzehren und Trainings<\/li>\n<li>Fehlerbehebung: fehlende Datensynchronisation nach Wechsel des Logins<\/li>\n<li>Kleine Verbesserungen und Fehlerbehebungen<\/li>\n<\/ul>\n<p>Version 1.0.4, M\u00e4rz 2017<\/p>\n<ul>\n<li>Initialisierung umgestaltet (Workaround f\u00fcr Ger\u00e4te mit Layout-Problemen)<\/li>\n<li>Fehlerbehebung: Login-Problem bei Verwendung von 2 Ger\u00e4ten<\/li>\n<li>Fehlerbehebung: Schnell-Login f\u00fcr Google und Facebook abgeschaltet<\/li>\n<li>Kleine Fehlerbehebungen<\/li>\n<\/ul>\n<p>Version 1.0.3, Februar 2017<\/p>\n<ul>\n<li>Pro-Konto: Diagramme f\u00fcr absolute Werte von K\u00f6rperfett, Muskelmasse, Wasser hinzugef\u00fcgt<\/li>\n<li>Schnellerer Login<\/li>\n<li>Hinzuf\u00fcgen von neuen Lebensmitteln pr\u00fcft auf identische und \u00e4hnliche Eintr\u00e4ge<\/li>\n<li>Einstellungen: L\u00f6schen aller benutzerdefinierten Daten hinzugef\u00fcgt<\/li>\n<li>Fehlermeldungen vom Server verbessert<\/li>\n<li>Neue Interpretation des WHtR nach aktuellen Studien<\/li>\n<li>Unsichere Interpretation des WHR entfernt<\/li>\n<li>Problem mit Schaltjahren behoben<\/li>\n<li>Kleine Fehlerbehebungen<\/li>\n<\/ul>\n<p>Version 1.0.2, Dezember 2016<\/p>\n<ul>\n<li>Neu: Doppelklick in Mein Tag zum \u00c4ndern von Eintr\u00e4gen<\/li>\n<li>Fehlerbehebung: kein L\u00f6schen eines Tages m\u00f6glich<\/li>\n<li>Fehlerbehebung: keine Vorschau f\u00fcr neue Rezepte m\u00f6glich<\/li>\n<li>Fehlerbehebung: Widget ignoriert Trainings von Google Fit<\/li>\n<li>Fehlerbehebung: Listen\/Rezepte werden nicht angezeigt<\/li>\n<li>Verwaltung der Lizenzen verbessert<\/li>\n<li>Kleine Fehlerbehebungen<\/li>\n<\/ul>\n<p>Version 1.0.1, November 2016<\/p>\n<ul>\n<li>Google Fit: Grundbedarf kann f\u00fcr Trainings ber\u00fccksichtigt werden<\/li>\n<li>Kleine Fehlerbehebungen<\/li>\n<\/ul>\n<p>Version 1.0, November 2016<\/p>\n<ul>\n<li>Erste ver\u00f6ffentlichte Version<\/li>\n<\/ul>\n","protected":false},"excerpt":{"rendered":"<p>Version 3.6.3, M\u00e4rz 2026 Lesen der Trainingsenergie von Google Health Connect verbessert Fehlerbehebung: Fehlermeldung, wenn Training von Google Health Connect gel\u00f6scht wird Fehlerbehebung: Einfrieren der App, wenn Google Health Connect aktiv ist, aber alle Berechtigungen abgelehnt werden Kleine Fehlerbehebungen Version<\/p>\n","protected":false},"author":1,"featured_media":0,"parent":205,"menu_order":0,"comment_status":"closed","ping_status":"closed","template":"","meta":{"footnotes":""},"class_list":["post-209","page","type-page","status-publish","hentry","","tg-column-two"],"_links":{"self":[{"href":"https:\/\/mycalorieapp.de\/index.php?rest_route=\/wp\/v2\/pages\/209","targetHints":{"allow":["GET"]}}],"collection":[{"href":"https:\/\/mycalorieapp.de\/index.php?rest_route=\/wp\/v2\/pages"}],"about":[{"href":"https:\/\/mycalorieapp.de\/index.php?rest_route=\/wp\/v2\/types\/page"}],"author":[{"embeddable":true,"href":"https:\/\/mycalorieapp.de\/index.php?rest_route=\/wp\/v2\/users\/1"}],"replies":[{"embeddable":true,"href":"https:\/\/mycalorieapp.de\/index.php?rest_route=%2Fwp%2Fv2%2Fcomments&post=209"}],"version-history":[{"count":59,"href":"https:\/\/mycalorieapp.de\/index.php?rest_route=\/wp\/v2\/pages\/209\/revisions"}],"predecessor-version":[{"id":3411,"href":"https:\/\/mycalorieapp.de\/index.php?rest_route=\/wp\/v2\/pages\/209\/revisions\/3411"}],"up":[{"embeddable":true,"href":"https:\/\/mycalorieapp.de\/index.php?rest_route=\/wp\/v2\/pages\/205"}],"wp:attachment":[{"href":"https:\/\/mycalorieapp.de\/index.php?rest_route=%2Fwp%2Fv2%2Fmedia&parent=209"}],"curies":[{"name":"wp","href":"https:\/\/api.w.org\/{rel}","templated":true}]}}