{"id":205,"date":"2019-03-18T17:42:30","date_gmt":"2019-03-18T16:42:30","guid":{"rendered":"http:\/\/fitmitgicht.de\/?page_id=205"},"modified":"2026-01-12T17:16:41","modified_gmt":"2026-01-12T16:16:41","slug":"mycalorieapp","status":"publish","type":"page","link":"https:\/\/mycalorieapp.de\/?page_id=205","title":{"rendered":"MyCalorieApp"},"content":{"rendered":"<p><strong>MyCalorieApp<\/strong> ist ein Online-Kalorienz\u00e4hler mit Ern\u00e4hrungs-, Sport und Gewichtstagebuch.<\/p>\n<p>Bist Du auf der Suche nach einer App, die Dir die Verantwortung abnimmt? M\u00f6chtest Du jeden Tag mit Kalenderspr\u00fcchen motiviert werden? M\u00f6chtest Du h\u00f6ren, dass Du schnell und ohne Anstrengung viel Gewicht verlieren kannst? Dann ist diese App leider nichts f\u00fcr Dich&#8230;<\/p>\n<p>Wenn es Dir um handfeste Fakten geht, wenn Du Verantwortung f\u00fcr Dein Leben und Deinen K\u00f6rper \u00fcbernehmen m\u00f6chtest und langfristig etwas \u00e4ndern willst, dann bist Du hier genau richtig!<\/p>\n<p><strong>MyCalorieApp<\/strong> ist Dein pers\u00f6nlicher Gesundheitscoach: Egal ob Du Gewicht verlieren, zunehmen oder Muskeln aufbauen m\u00f6chtest, <strong>MyCalorieApp<\/strong> hilft Dir, alle wichtigen N\u00e4hrwertinformationen zu den von Dir verzehrten Lebensmittel zu finden. M\u00fchelos beh\u00e4ltst Du so den \u00dcberblick \u00fcber Deine Mahlzeiten, Aktivit\u00e4ten und Dein Gewicht. Diese App kann alle Deiner Schritte dokumentieren, mitverfolgen und auswerten. So kannst Du ganz leicht Deine Gewohnheiten an Deine individuellen gesundheitlichen Ziele anpassen.<\/p>\n<p style=\"padding-left: 30px;\"><a href=\"https:\/\/play.google.com\/store\/apps\/details?id=org.digitalcure.ccnf.world\" target=\"_blank\" rel=\"noopener noreferrer\"><img loading=\"lazy\" decoding=\"async\" class=\"alignnone wp-image-17\" src=\"https:\/\/mycalorieapp.de\/wp-content\/uploads\/2019\/03\/Google_Play_Store_badge_DE-300x90.png\" alt=\"\" width=\"160\" height=\"48\" srcset=\"https:\/\/mycalorieapp.de\/wp-content\/uploads\/2019\/03\/Google_Play_Store_badge_DE-300x90.png 300w, https:\/\/mycalorieapp.de\/wp-content\/uploads\/2019\/03\/Google_Play_Store_badge_DE-768x229.png 768w, https:\/\/mycalorieapp.de\/wp-content\/uploads\/2019\/03\/Google_Play_Store_badge_DE-600x179.png 600w, https:\/\/mycalorieapp.de\/wp-content\/uploads\/2019\/03\/Google_Play_Store_badge_DE.png 817w\" sizes=\"auto, (max-width: 160px) 100vw, 160px\" \/><\/a> <a href=\"https:\/\/galaxystore.samsung.com\/detail\/org.digitalcure.ccnf.world\" target=\"_blank\" rel=\"noopener\"><img loading=\"lazy\" decoding=\"async\" class=\"alignnone wp-image-268\" src=\"https:\/\/www.mycalorieapp.de\/wp-content\/uploads\/2019\/03\/Samsung_Galaxy_Apps_badge_EN-300x114.png\" alt=\"Samsung Galaxy Apps\" width=\"160\" height=\"61\" \/><\/a><\/p>\n<h5>Screenshots<\/h5>\n<div id=\"grid-gallery-1-25994\" data-gg-id=\"1\" data-title=\"World_DE\" data-grid-type=\"0\" data-offset=\"5.3\" data-area-position=\"center\" data-icons=\"\" data-preloader=\"true\" data-width=\"215\" data-height=\"215\" data-padding=\"0\" data-quicksand=\"disabled\" data-quicksand-duration=\"none\" data-popup-theme=\"theme_7\" data-popup-type=\"colorbox\" data-popup-fadeOut=\"300\" data-popup-image-text=\"data-caption\" data-popup-widthsize=\"auto\" data-popup-heightsize=\"auto\" data-popup-i18n-words=\"{&quot;close&quot;:&quot;schlie\\u00dfen&quot;,&quot;next&quot;:&quot;n\\u00e4chste&quot;,&quot;previous&quot;:&quot;vorherige&quot;,&quot;start_slideshow&quot;:&quot;Starte Slideshow&quot;,&quot;stop_slideshow&quot;:&quot;Stoppe Slideshow&quot;,&quot;image&quot;:&quot;Bild&quot;,&quot;of&quot;:&quot;von&quot;,&quot;prev&quot;:&quot;vorherige&quot;,&quot;cExpand&quot;:&quot;Erweitere&quot;,&quot;cPrevious&quot;:&quot;Vorheriges&quot;,&quot;cNext&quot;:&quot;N\\u00e4chstes&quot;,&quot;cExpandStr&quot;:&quot;Erweitere Bild&quot;,&quot;cRotate&quot;:&quot;Rotate&quot;,&quot;cDetails&quot;:&quot;Details&quot;}\" data-popup-slideshow=\"false\" data-popup-slideshow-speed=\"2500\" data-popup-hoverstop=\"true\" data-popup-slideshow-auto=\"false\" data-popup-background=\"\" data-popup-transparency=\"30\" data-popup-disable-history=\"\" data-popup-disable-changed-url=\"\" data-popup-border-type=\"solid\" data-popup-border-color=\"\" data-popup-border-width=\"\" data-popup-border-enable=\"\" data-fullscreen=\"false\" data-hide-tooltip=\"false\" data-caption-font-family=\"Default\" data-caption-text-size=\"140\" data-is-mobile=\"0\" data-caption-mobile=\"false\" data-hide-long-tltp-title=\"0\" data-caption-disabled-on-mobile=\"false\" data-polaroid-animation=\"true\" data-polaroid-scattering=\"true\" data-polaroid-frame-width=\"20\" data-popup-placement-type=\"0\" data-social-sharing=\"{&quot;enabled&quot;:&quot;&quot;,&quot;gallerySharing&quot;:{&quot;enabled&quot;:null,&quot;position&quot;:null},&quot;imageSharing&quot;:{&quot;enabled&quot;:null,&quot;wrapperClass&quot;:&quot; vertical &quot;},&quot;popupSharing&quot;:{&quot;enabled&quot;:null,&quot;wrapperClass&quot;:&quot; vertical &quot;}}\" class=\"grid-gallery grid-gallery-fixed \" style=\" width:100%; height:auto; margin-left:auto; margin-right:auto;position:relative;\"> <div class=\"gallery-loading\"> <div class=\"blocks\"> <div class=\"block\"><\/div> <div class=\"block\"><\/div> <div class=\"block\"><\/div> <div class=\"block\"><\/div> <\/div> <\/div> <div class=\"gallery-sharing-top\" style=\"display:none;\"> <\/div> <div id=\"photos-1\" class=\"grid-gallery-photos\"><FIGURE class=\"grid-gallery-caption\" data-grid-gallery-type=\"polaroid\" data-index=\"0\" style=\"display:none;border-radius:00;; margin:5.3px; width:2150;\" ><div class=\"crop\" style=\" width:2150; height:2150; overflow:hidden;\"><img decoding=\"async\" src=\"https:\/\/mycalorieapp.de\/wp-content\/uploads\/2019\/03\/1_Dashboard-215x215.png\" class=\"ggImg\" alt=\"Start\" title=\"1_Dashboard\" data-description=\"1_Dashboard\" data-caption=\"Start\" data-title=\"1_Dashboard\" style=\" width:215px; height:215px;\" \/><\/div><FIGCAPTION class=\"\" data-alpha=\"5\" style=\"color:#000000; background-color:#ffffff; font-size:140; text-align:left; font-family:Default;\" ><div class=\"grid-gallery-figcaption-wrap\" style=\"\"><\/div><\/FIGCAPTION><\/FIGURE><FIGURE class=\"grid-gallery-caption\" data-grid-gallery-type=\"polaroid\" data-index=\"1\" style=\"display:none;border-radius:00;; margin:5.3px; width:2150;\" ><div class=\"crop\" style=\" width:2150; height:2150; overflow:hidden;\"><img decoding=\"async\" src=\"https:\/\/mycalorieapp.de\/wp-content\/uploads\/2019\/03\/2_MyDay-1-215x215.png\" class=\"ggImg\" alt=\"Mein Tag\" title=\"2_MyDay\" data-description=\"2_MyDay\" data-caption=\"Mein Tag\" data-title=\"2_MyDay\" style=\" width:215px; height:215px;\" \/><\/div><FIGCAPTION class=\"\" data-alpha=\"5\" style=\"color:#000000; background-color:#ffffff; font-size:140; text-align:left; font-family:Default;\" ><div class=\"grid-gallery-figcaption-wrap\" style=\"\"><\/div><\/FIGCAPTION><\/FIGURE><FIGURE class=\"grid-gallery-caption\" data-grid-gallery-type=\"polaroid\" data-index=\"2\" style=\"display:none;border-radius:00;; margin:5.3px; width:2150;\" ><div class=\"crop\" style=\" width:2150; height:2150; overflow:hidden;\"><img decoding=\"async\" src=\"https:\/\/mycalorieapp.de\/wp-content\/uploads\/2019\/03\/3_AnalysisDetails-215x215.png\" class=\"ggImg\" alt=\"Auswertung\" title=\"3_AnalysisDetails\" data-description=\"3_AnalysisDetails\" data-caption=\"Auswertung\" data-title=\"3_AnalysisDetails\" style=\" width:215px; height:215px;\" \/><\/div><FIGCAPTION class=\"\" data-alpha=\"5\" style=\"color:#000000; background-color:#ffffff; font-size:140; text-align:left; font-family:Default;\" ><div class=\"grid-gallery-figcaption-wrap\" style=\"\"><\/div><\/FIGCAPTION><\/FIGURE><FIGURE class=\"grid-gallery-caption\" data-grid-gallery-type=\"polaroid\" data-index=\"3\" style=\"display:none;border-radius:00;; margin:5.3px; width:2150;\" ><div class=\"crop\" style=\" width:2150; height:2150; overflow:hidden;\"><img decoding=\"async\" src=\"https:\/\/mycalorieapp.de\/wp-content\/uploads\/2019\/03\/4_AnalysisChart-215x215.png\" class=\"ggImg\" alt=\"Diagramme\" title=\"4_AnalysisChart\" data-description=\"4_AnalysisChart\" data-caption=\"Diagramme\" data-title=\"4_AnalysisChart\" style=\" width:215px; height:215px;\" \/><\/div><FIGCAPTION class=\"\" data-alpha=\"5\" style=\"color:#000000; background-color:#ffffff; font-size:140; text-align:left; font-family:Default;\" ><div class=\"grid-gallery-figcaption-wrap\" style=\"\"><\/div><\/FIGCAPTION><\/FIGURE><FIGURE class=\"grid-gallery-caption\" data-grid-gallery-type=\"polaroid\" data-index=\"4\" style=\"display:none;border-radius:00;; margin:5.3px; width:2150;\" ><div class=\"crop\" style=\" width:2150; height:2150; overflow:hidden;\"><img decoding=\"async\" src=\"https:\/\/mycalorieapp.de\/wp-content\/uploads\/2019\/03\/5_WeightChart-215x215.png\" class=\"ggImg\" alt=\"Gewicht\" title=\"5_WeightChart\" data-description=\"5_WeightChart\" data-caption=\"Gewicht\" data-title=\"5_WeightChart\" style=\" width:215px; height:215px;\" \/><\/div><FIGCAPTION class=\"\" data-alpha=\"5\" style=\"color:#000000; background-color:#ffffff; font-size:140; text-align:left; font-family:Default;\" ><div class=\"grid-gallery-figcaption-wrap\" style=\"\"><\/div><\/FIGCAPTION><\/FIGURE><FIGURE class=\"grid-gallery-caption\" data-grid-gallery-type=\"polaroid\" data-index=\"5\" style=\"display:none;border-radius:00;; margin:5.3px; width:2150;\" ><div class=\"crop\" style=\" width:2150; height:2150; overflow:hidden;\"><img decoding=\"async\" src=\"https:\/\/mycalorieapp.de\/wp-content\/uploads\/2019\/03\/6_DietAssistant-215x215.png\" class=\"ggImg\" alt=\"Di\u00e4t-Assistent\" title=\"6_DietAssistant\" data-description=\"6_DietAssistant\" data-caption=\"Di\u00e4t-Assistent\" data-title=\"6_DietAssistant\" style=\" width:215px; height:215px;\" \/><\/div><FIGCAPTION class=\"\" data-alpha=\"5\" style=\"color:#000000; background-color:#ffffff; font-size:140; text-align:left; font-family:Default;\" ><div class=\"grid-gallery-figcaption-wrap\" style=\"\"><\/div><\/FIGCAPTION><\/FIGURE><FIGURE class=\"grid-gallery-caption\" data-grid-gallery-type=\"polaroid\" data-index=\"6\" style=\"display:none;border-radius:00;; margin:5.3px; width:2150;\" ><div class=\"crop\" style=\" width:2150; height:2150; overflow:hidden;\"><img decoding=\"async\" src=\"https:\/\/mycalorieapp.de\/wp-content\/uploads\/2019\/03\/7_RecentlyUsedFoods-215x215.png\" class=\"ggImg\" alt=\"Historie\" title=\"7_RecentlyUsedFoods\" data-description=\"7_RecentlyUsedFoods\" data-caption=\"Historie\" data-title=\"7_RecentlyUsedFoods\" style=\" width:215px; height:215px;\" \/><\/div><FIGCAPTION class=\"\" data-alpha=\"5\" style=\"color:#000000; background-color:#ffffff; font-size:140; text-align:left; font-family:Default;\" ><div class=\"grid-gallery-figcaption-wrap\" style=\"\"><\/div><\/FIGCAPTION><\/FIGURE><FIGURE class=\"grid-gallery-caption\" data-grid-gallery-type=\"polaroid\" data-index=\"7\" style=\"display:none;border-radius:00;; margin:5.3px; width:2150;\" ><div class=\"crop\" style=\" width:2150; height:2150; overflow:hidden;\"><img decoding=\"async\" src=\"https:\/\/mycalorieapp.de\/wp-content\/uploads\/2019\/03\/8_Sports-215x215.png\" class=\"ggImg\" alt=\"Sport\" title=\"8_Sports\" data-description=\"8_Sports\" data-caption=\"Sport\" data-title=\"8_Sports\" style=\" width:215px; height:215px;\" \/><\/div><FIGCAPTION class=\"\" data-alpha=\"5\" style=\"color:#000000; background-color:#ffffff; font-size:140; text-align:left; font-family:Default;\" ><div class=\"grid-gallery-figcaption-wrap\" style=\"\"><\/div><\/FIGCAPTION><\/FIGURE> <div class=\"grid-gallery-clearfix\"><\/div> <\/div> <div class=\"gallery-sharing-bottom\" style=\"display:none;\"> <\/div> <div class=\"gallery-sharing-image\" style=\"display:none;\"> <\/div> <div class=\"gallery-sharing-popup\" style=\"display:none;\"> <\/div> <div class=\"grid-gallery-clearfix\"><\/div> <\/div> <!-- Gallery by Supsystic plugin1.16.0 --><a title=\"Gallery Wordpress\" style=\"display:none;\" href=\"https:\/\/supsystic.com\/plugins\/photo-gallery\/?utm_medium=love_link\" target=\"_blank\">Gallery Wordpress<\/a>\n<p><strong>MyCalorieApp<\/strong> bietet diese gro\u00dfartigen Funktionen:<\/p>\n<p>\u2605 Riesige Online-Datenbank mit mehr als 160.000 Lebensmitteln<br \/>\n\u2605 <span style=\"text-decoration: underline;\">Integrierter Barcode-Scanner<\/span><br \/>\n\u2605 Listen und Rezeptberechnung<br \/>\n\u2605 <span style=\"text-decoration: underline;\">Rezeptb\u00f6rse<\/span> f\u00fcr \u00f6ffentliche Rezepte<br \/>\n\u2605 Express-Eingabe f\u00fcr Kalorien, Fett, KH, Eiwei\u00df, Trainingskalorien<br \/>\n\u2605 Favoriten f\u00fcr Lebensmittel, Rezepte, Listen, Sportarten<br \/>\n\u2605 Lebensmittelampel nach Energiedichte<\/p>\n<p>\u2605 Export und Teilen von Diagrammen<br \/>\n\u2605 <span style=\"text-decoration: underline;\">Drucken und PDF-Export<\/span> (Pro-Konto)<br \/>\n\u2605 CSV-Export (Pro-Konto)<\/p>\n<p>\u2605 Ern\u00e4hrungstagebuch mit Mahlzeiten<br \/>\n\u2605 <span style=\"text-decoration: underline;\">Stimmung und Notiz f\u00fcr jeden Tag<\/span> (Pro-Konto)<br \/>\n\u2605 Notiz f\u00fcr jeden Verzehr (Pro-Konto)<br \/>\n\u2605 Grafische Auswertungen<br \/>\n\u2605 <span style=\"text-decoration: underline;\">Di\u00e4t-Assistent<\/span> zum Ab-\/Zunehmen<br \/>\n\u2605 Wasser-Tracking<br \/>\n\u2605 Individuelle Tagesvorgaben, Definition der Energieverteilung (Pro-Konto)<br \/>\n\u2605 Skaldeman-Index (Pro-Konto)<\/p>\n<p>\u2605 <span style=\"text-decoration: underline;\">Sporttagebuch<\/span> mit mehr als 480 Sportarten<br \/>\n\u2605 Automatische Verrechnung von verbrannten Kalorien<br \/>\n\u2605 <span style=\"text-decoration: underline;\">Google Health:<\/span> Lesen von Trainings und Energieverbrauch, Lesen des Gewichtstagebuchs<br \/>\n\u2605 Gewichtstagebuch mit BMI-Rechner und grafischer Auswertung<\/p>\n<p>\u2605 <span style=\"text-decoration: underline;\">Automatische Synchronisation<\/span> aller Daten auf mehrere Ger\u00e4te<br \/>\n\u2605 3 Widgets (1 frei, 2 Pro-Konto)<br \/>\n\u2605 <span style=\"text-decoration: underline;\">Pers\u00f6nlicher und schneller Support<\/span> \u2013 Oft gelobt und immer ein offenes Ohr! <a href=\"https:\/\/mycalorieapp.de\/?page_id=103\">Kontakt<\/a><br \/>\n\u2605 Alle K\u00e4ufe im Shop verl\u00e4ngern sich nicht automatisch (d.h. kein Abo!) und werden ger\u00e4teunabh\u00e4ngig an Dein MyCalorieApp-Benutzerkonto gebunden.<\/p>\n<p lang=\"zxx\"><strong>Hinweis:<\/strong> Um <strong>MyCalorieApp<\/strong> nutzen zu k\u00f6nnen, ben\u00f6tigst Du ein kostenloses Konto. Du kannst dazu ein vorhandenes Google-Konto nutzen. Ebenso hast Du die M\u00f6glichkeit, Dich mit Deiner E-Mail-Adresse und einem frei gew\u00e4hlten Passwort anzumelden.<\/p>\n<p lang=\"zxx\">Wichtig: Die von der App ermittelten und angezeigten Informationen sind nicht zur Ermittlung von Medikamenten-Dosierungen vorgesehen. Es wird keine Haftung f\u00fcr die Richtigkeit der bereitgestellten Werte \u00fcbernommen.<\/p>\n<h5>Download<\/h5>\n<p style=\"padding-left: 30px;\"><a href=\"https:\/\/play.google.com\/store\/apps\/details?id=org.digitalcure.ccnf.world\" target=\"_blank\" rel=\"noopener noreferrer\"><img loading=\"lazy\" decoding=\"async\" class=\"alignnone wp-image-17\" src=\"https:\/\/mycalorieapp.de\/wp-content\/uploads\/2019\/03\/Google_Play_Store_badge_DE-300x90.png\" alt=\"\" width=\"160\" height=\"48\" srcset=\"https:\/\/mycalorieapp.de\/wp-content\/uploads\/2019\/03\/Google_Play_Store_badge_DE-300x90.png 300w, https:\/\/mycalorieapp.de\/wp-content\/uploads\/2019\/03\/Google_Play_Store_badge_DE-768x229.png 768w, https:\/\/mycalorieapp.de\/wp-content\/uploads\/2019\/03\/Google_Play_Store_badge_DE-600x179.png 600w, https:\/\/mycalorieapp.de\/wp-content\/uploads\/2019\/03\/Google_Play_Store_badge_DE.png 817w\" sizes=\"auto, (max-width: 160px) 100vw, 160px\" \/><\/a> <a href=\"https:\/\/galaxystore.samsung.com\/detail\/org.digitalcure.ccnf.world\" target=\"_blank\" rel=\"noopener\"><img loading=\"lazy\" decoding=\"async\" class=\"alignnone wp-image-268\" src=\"https:\/\/www.mycalorieapp.de\/wp-content\/uploads\/2019\/03\/Samsung_Galaxy_Apps_badge_EN-300x114.png\" alt=\"Samsung Galaxy Apps\" width=\"160\" height=\"61\" \/><\/a><\/p>\n<h5>Mehr Informationen<\/h5>\n<p><a href=\"https:\/\/mycalorieapp.de\/?page_id=134\">\u00dcberblick und Vergleich<\/a> \u2022 <a href=\"https:\/\/mycalorieapp.de\/?page_id=118\">H\u00e4ufig gestellte Fragen (FAQs)<\/a> \u2022 <a href=\"https:\/\/mycalorieapp.de\/?page_id=209\">Versionen<\/a><\/p>\n<h5>Lizenz<\/h5>\n<p>Copyright \u00a9 2016-2026 Stefan Diener Software-Entwicklung. All rights reserved.<\/p>\n<p>Redistribution and use in binary form, without modification, are permitted provided that the following condition is met: Redistributions in binary form must reproduce the above copyright notice, this condition and the following disclaimer in the documentation and\/or other materials provided with the distribution.<\/p>\n<p>THIS SOFTWARE IS PROVIDED BY THE COPYRIGHT HOLDERS AND CONTRIBUTORS \u201eAS IS\u201c AND ANY EXPRESS OR IMPLIED WARRANTIES, INCLUDING, BUT NOT LIMITED TO, THE IMPLIED WARRANTIES OF MERCHANTABILITY AND FITNESS FOR A PARTICULAR PURPOSE ARE DISCLAIMED. IN NO EVENT SHALL THE COPYRIGHT HOLDER OR CONTRIBUTORS BE LIABLE FOR ANY DIRECT, INDIRECT, INCIDENTAL, SPECIAL, EXEMPLARY, OR CONSEQUENTIAL DAMAGES (INCLUDING, BUT NOT LIMITED TO, PROCUREMENT OF SUBSTITUTE GOODS OR SERVICES; LOSS OF USE, DATA, OR PROFITS; OR BUSINESS INTERRUPTION) HOWEVER CAUSED AND ON ANY THEORY OF LIABILITY, WHETHER IN CONTRACT, STRICT LIABILITY, OR TORT (INCLUDING NEGLIGENCE OR OTHERWISE) ARISING IN ANY WAY OUT OF THE USE OF THIS SOFTWARE, EVEN IF ADVISED OF THE POSSIBILITY OF SUCH DAMAGE.<\/p>\n<h5>Eingeschlossene Lizenzen<\/h5>\n<p>This product contains copyrighted icons published under commercial licenses.<\/p>\n<p>This product contains icons and source code published under the following Open Source licenses:<\/p>\n<ul>\n<li><a href=\"http:\/\/www.apache.org\/licenses\/LICENSE-2.0\" target=\"_blank\" rel=\"noopener noreferrer\">Apache License 2.0<\/a>: This product includes software developed by the Apache Software Foundation (<a href=\"http:\/\/www.apache.org\/\" target=\"_blank\" rel=\"noopener noreferrer\">http:\/\/www.apache.org\/<\/a>).<\/li>\n<li><a href=\"https:\/\/www.gnu.org\/licenses\/lgpl-3.0\" target=\"_blank\" rel=\"noopener noreferrer\">LGPL 3.0<\/a>: This product includes software published under the GNU Lesser General Public License, Version 3. To obtain a copy of the source code, please write to the author of this application.<\/li>\n<li>This product includes material published under the <a href=\"https:\/\/creativecommons.org\/licenses\/by\/4.0\/legalcode\" target=\"_blank\" rel=\"noopener noreferrer\">Creative Commons Attribution 4.0 International Public License<\/a>. To obtain a copy of the original and the modified material, please write to the author of this application.<\/li>\n<li>SQLCipher Community Edition, Copyright \u00a9 2008\u20132020 Zetetic LLC, All rights reserved.<\/li>\n<li>CCO Universal (CC0 1.0), Public Domain Dedication<\/li>\n<\/ul>\n<p>This application uses nutrition information published by the Swiss Food Composition Database of the Federal Food Safety and Veterinary Office FSVO (<a href=\"http:\/\/naehrwertdaten.ch\" target=\"_blank\" rel=\"noopener noreferrer\">http:\/\/naehrwertdaten.ch<\/a>).<\/p>\n<p>This application uses nutrition information published by the Bundeslebensmittelschl\u00fcssels (BLS) under the CC BY 4.0. Max Rubner\u2013Institut (2025): Bundeslebensmittelschl\u00fcssel (BLS), Version 4.0 \u2013 Deutsche N\u00e4hrstoffdatenbank. Karlsruhe. DOI: 10.25826\/Data20251217-134202-0<\/p>\n<p>This application contains information entered by users of MyCalorieApp.<\/p>\n<p>This product contains public sector information licensed under the Open Government Licence v1.0.<\/p>\n<p>The Emoji icons were designed by Freepik from Flaticon.<\/p>\n","protected":false},"excerpt":{"rendered":"<p>MyCalorieApp ist ein Online-Kalorienz\u00e4hler mit Ern\u00e4hrungs-, Sport und Gewichtstagebuch. Bist Du auf der Suche nach einer App, die Dir die Verantwortung abnimmt? M\u00f6chtest Du jeden Tag mit Kalenderspr\u00fcchen motiviert werden? M\u00f6chtest Du h\u00f6ren, dass Du schnell und ohne Anstrengung viel<\/p>\n","protected":false},"author":1,"featured_media":0,"parent":0,"menu_order":0,"comment_status":"closed","ping_status":"closed","template":"","meta":{"footnotes":""},"class_list":["post-205","page","type-page","status-publish","hentry","","tg-column-two"],"_links":{"self":[{"href":"https:\/\/mycalorieapp.de\/index.php?rest_route=\/wp\/v2\/pages\/205","targetHints":{"allow":["GET"]}}],"collection":[{"href":"https:\/\/mycalorieapp.de\/index.php?rest_route=\/wp\/v2\/pages"}],"about":[{"href":"https:\/\/mycalorieapp.de\/index.php?rest_route=\/wp\/v2\/types\/page"}],"author":[{"embeddable":true,"href":"https:\/\/mycalorieapp.de\/index.php?rest_route=\/wp\/v2\/users\/1"}],"replies":[{"embeddable":true,"href":"https:\/\/mycalorieapp.de\/index.php?rest_route=%2Fwp%2Fv2%2Fcomments&post=205"}],"version-history":[{"count":31,"href":"https:\/\/mycalorieapp.de\/index.php?rest_route=\/wp\/v2\/pages\/205\/revisions"}],"predecessor-version":[{"id":3386,"href":"https:\/\/mycalorieapp.de\/index.php?rest_route=\/wp\/v2\/pages\/205\/revisions\/3386"}],"wp:attachment":[{"href":"https:\/\/mycalorieapp.de\/index.php?rest_route=%2Fwp%2Fv2%2Fmedia&parent=205"}],"curies":[{"name":"wp","href":"https:\/\/api.w.org\/{rel}","templated":true}]}}