{"id":183,"date":"2019-03-18T17:12:07","date_gmt":"2019-03-18T16:12:07","guid":{"rendered":"http:\/\/fitmitgicht.de\/?page_id=183"},"modified":"2026-03-09T18:55:38","modified_gmt":"2026-03-09T17:55:38","slug":"fit-mit-gicht-versionen","status":"publish","type":"page","link":"https:\/\/mycalorieapp.de\/?page_id=183","title":{"rendered":"Purin! Versionen"},"content":{"rendered":"<p>Version 2.6.3, M\u00e4rz 2026<\/p>\r\n<ul>\r\n<li>7 neue Lebensmittel<\/li>\r\n<li>Lesen der Trainingsenergie von Google Health Connect verbessert<\/li>\r\n<li>Fehlerbehebung: Einfrieren der App, wenn Google Health Connect aktiv ist, aber alle Berechtigungen abgelehnt werden<\/li>\r\n<li>Kleine Fehlerbehebungen<\/li>\r\n<\/ul>\r\n<p>Version 2.6.1, Oktober 2025<\/p>\r\n<ul>\r\n<li>Kleine Fehlerbehebungen<\/li>\r\n<\/ul>\r\n<p>Version 2.6, Oktober 2025<\/p>\r\n<ul>\r\n<li>93 neue Lebensmittel<\/li>\r\n<li>Volle Unterst\u00fctzung von Android 16<\/li>\r\n<li>Vorschlag f\u00fcr neuen Verzehr nach lokaler Daten\u00fcbertragung<\/li>\r\n<li>Tagesvorgaben f\u00fcr Magnesium aktualisiert<\/li>\r\n<li>Unterst\u00fctzung f\u00fcr Android 9 eingestellt<\/li>\r\n<li>Kleine Fehlerbehebungen<\/li>\r\n<\/ul>\r\n<p>Version 2.5.4, August 2025<\/p>\r\n<ul>\r\n<li>4 neue Lebensmittel<\/li>\r\n<li>Neu: Aufl\u00f6sen von Rezept-Verzehren in Mein Tag<\/li>\r\n<li>Neu: Aktualisierung einzelner Lebensmittel vom MyCalorieApp-Server<\/li>\r\n<li>Unterst\u00fctzung f\u00fcr 16 KB page size hinzugef\u00fcgt<\/li>\r\n<li>Kleine Fehlerbehebungen<\/li>\r\n<\/ul>\r\n<p>Version 2.5.3, Juli 2025<\/p>\r\n<ul>\r\n<li>11 neue Lebensmittel<\/li>\r\n<li>Neu: Diagnosefunktion f\u00fcr Google Health Connect<\/li>\r\n<li>Verhalten der Tastatur in der Suche verbessert<\/li>\r\n<li>Sicherheit bei der Kaufabwicklung verbessert<\/li>\r\n<li>Erkennung von Lizenzen verbessert (Google Play Store)<\/li>\r\n<li>Browsen von Rezeptzutaten zeigt nun N\u00e4hrwerte bezogen auf die Zutatenmenge an<\/li>\r\n<li>Kleine Fehlerbehebungen<\/li>\r\n<\/ul>\r\n<p>Version 2.5.2, April 2025<\/p>\r\n<ul>\r\n<li>4 neue Lebensmittel<\/li>\r\n<li>Doppelte Schalter &#8222;Ber\u00fccksichtige Grundbedarf&#8220; zusammengef\u00fchrt<\/li>\r\n<li>Fehlerbehebung: Doppelte Trainings von Google Health Connect<\/li>\r\n<li>Fehlerbehebung: Migration von Google Fit zu Google Health Connect erfordert zwingend die Installation des Health Connect Clients<\/li>\r\n<li>Kleine Fehlerbehebungen<\/li>\r\n<\/ul>\r\n<p>Version 2.5.1, M\u00e4rz 2025<\/p>\r\n<ul>\r\n<li>Kleine Fehlerbehebungen<\/li>\r\n<\/ul>\r\n<p>Version 2.5, Februar 2025<\/p>\r\n<ul>\r\n<li>11 neue Lebensmittel<\/li>\r\n<li>Neu: Unterst\u00fctzung von Google Health Connect f\u00fcr Trainings und K\u00f6rpergewicht<\/li>\r\n<li>8 doppelte Lebensmittel entfernt (Trinkwasser)<\/li>\r\n<li>Neu: \u00c4nderungsvorschl\u00e4ge f\u00fcr vorinstallierte Lebensmittel<\/li>\r\n<li>Neu: \u00c4nderungsvorschl\u00e4ge f\u00fcr neue Portionsgr\u00f6\u00dfen vorinstallierter Lebensmittel<\/li>\r\n<li>T\u00e4gliche Werte mit Stimmung und Notiz<\/li>\r\n<li>Verbesserte Diagnosedaten<\/li>\r\n<li>Kleine Fehlerbehebungen<\/li>\r\n<\/ul>\r\n<p>Version 2.4.2, Dezember 2024<\/p>\r\n<ul>\r\n<li>Kleine Fehlerbehebungen<\/li>\r\n<\/ul>\r\n<p>Version 2.4, Dezember 2024<\/p>\r\n<ul>\r\n<li>Neu: Daten\u00fcbertragung zwischen Ger\u00e4ten<\/li>\r\n<li>2 neue Lebensmittel, 1 neue Sportart<\/li>\r\n<li>Volle Unterst\u00fctzung von Android 15<\/li>\r\n<li>Kleine Fehlerbehebungen<\/li>\r\n<\/ul>\r\n<p>Version 2.3.5,Oktober 2024<\/p>\r\n<ul>\r\n<li>7 neue Lebensmittel<\/li>\r\n<li>Kleine Fehlerbehebungen<\/li>\r\n<\/ul>\r\n<p>Version 2.3.4, Juni 2024<\/p>\r\n<ul>\r\n<li>Kleine Fehlerbehebungen<\/li>\r\n<\/ul>\r\n<p>Version 2.3.3, Juni 2024<\/p>\r\n<ul>\r\n<li>Kleine Fehlerbehebungen<\/li>\r\n<\/ul>\r\n<p>Version 2.3, Juni 2024<\/p>\r\n<ul>\r\n<li>Einstellungen und Sicherung ohne Lizenz nutzbar<\/li>\r\n<li>Erkennung und \u00dcbertragung von Lizenzen verbessert (Samsung Galaxy Store)<\/li>\r\n<li>Fehlerbehebung: Abo-Verl\u00e4ngerung auf neuem Ger\u00e4t nicht erkannt<\/li>\r\n<li>Kleine Fehlerbehebungen<\/li>\r\n<\/ul>\r\n<p>Version 2.2.6, April 2024<\/p>\r\n<ul>\r\n<li>9 neue Lebensmittel<\/li>\r\n<li>Kleine Fehlerbehebungen<\/li>\r\n<\/ul>\r\n<p>Version 2.2.5, M\u00e4rz 2024<\/p>\r\n<ul>\r\n<li>Kleine Fehlerbehebungen<\/li>\r\n<\/ul>\r\n<p>Version 2.2.4, M\u00e4rz 2024<\/p>\r\n<ul>\r\n<li>Fehlerbehebung: L\u00f6schung von Gewichtswerten, die zu Google Fit geschrieben wurden<\/li>\r\n<li>Kleine Fehlerbehebungen<\/li>\r\n<\/ul>\r\n<p>Version 2.2.3, M\u00e4rz 2024<\/p>\r\n<ul>\r\n<li>Kleine Fehlerbehebungen<\/li>\r\n<\/ul>\r\n<p>Version 2.2.2, Februar 2024<\/p>\r\n<ul>\r\n<li>31 neue Lebensmittel<\/li>\r\n<li>5 neue Sportarten<\/li>\r\n<li>Erkennung und \u00dcbertragung von Lizenzen verbessert<\/li>\r\n<li>Kleine Fehlerbehebungen<\/li>\r\n<\/ul>\r\n<p>Version 2.2.1, Dezember 2023<\/p>\r\n<ul>\r\n<li>Volle Unterst\u00fctzung von Android 14<\/li>\r\n<li>Kleine Fehlerbehebungen<\/li>\r\n<\/ul>\r\n<p>Version 2.2, Oktober 2023<\/p>\r\n<ul>\r\n<li>17 neue Lebensmittel<\/li>\r\n<li>Neu: T\u00e4gliche Werte<\/li>\r\n<li>Kleine Fehlerbehebungen<\/li>\r\n<\/ul>\r\n<p>Version 2.1.5, August 2023<\/p>\r\n<ul>\r\n<li>1 neues Lebensmittel<\/li>\r\n<li>Neu: Vorschl\u00e4ge f\u00fcr Marke\/Hersteller<\/li>\r\n<li>Neu: Diagnose-Daten optional mit Sicherung senden<\/li>\r\n<li>Mengenvorschlag beim Wechsel der Portionsgr\u00f6\u00dfe verbessert<\/li>\r\n<li>Unterst\u00fctzung f\u00fcr Android 8 eingestellt<\/li>\r\n<li>Fehlerbehebung: Gewicht l\u00e4sst sich nicht l\u00f6schen<\/li>\r\n<li>Kleine Fehlerbehebungen<\/li>\r\n<\/ul>\r\n<p>Version 2.1.4, Juni 2023<\/p>\r\n<ul>\r\n<li>4 neue Lebensmittel<\/li>\r\n<li>Neu: Lebensmittel \u00fcber Verzehr zu Liste\/Rezept hinzuf\u00fcgen (Men\u00fc rechts oben)<\/li>\r\n<li>Optik des Shops verbessert<\/li>\r\n<li>Fehlerbehebung: Absturz bei Mahlzeit mit Prozentzeichen<\/li>\r\n<li>Kleine Fehlerbehebungen<\/li>\r\n<\/ul>\r\n<p>Version 2.1.3, April 2023<\/p>\r\n<ul>\r\n<li>Kleine Fehlerbehebungen<\/li>\r\n<\/ul>\r\n<p>Version 2.1.2, M\u00e4rz 2023<\/p>\r\n<ul>\r\n<li>1 neues Lebensmittel<\/li>\r\n<li>\u00dcbersetzungen f\u00fcr 590 Lebensmittel hinzugef\u00fcgt<\/li>\r\n<li>Kategorie von 94 Lebensmitteln korrigiert<\/li>\r\n<li>QR-Code kann gr\u00f6\u00dfere Datenmenge \u00fcbertragen<\/li>\r\n<li>Falsche Fehlermeldung beim Hinzuf\u00fcgen eines Lebensmittels behoben<\/li>\r\n<li>Kleine Fehlerbehebungen<\/li>\r\n<\/ul>\r\n<p>Version 2.1.1, Dezember 2022<\/p>\r\n<ul>\r\n<li>7 neue Aktivit\u00e4ten\/Sportarten<\/li>\r\n<li>Volle Unterst\u00fctzung von Android 13<\/li>\r\n<li>Neu: Auswahl f\u00fcr die Sprache der App (ab Android 13)<\/li>\r\n<li>Neu: Dauer eines einzelnen Trainings beim Kopieren \u00e4ndern<\/li>\r\n<li>Neu: Status des Wasser-Trackings in Mein Tag, optional<\/li>\r\n<li>Kleine Fehlerbehebungen<\/li>\r\n<\/ul>\r\n<p>Version 2.1, Oktober 2022<\/p>\r\n<ul>\r\n<li>Video: <a href=\"https:\/\/www.youtube.com\/watch?v=LKKcNvXevHA\"><img loading=\"lazy\" decoding=\"async\" class=\"alignnone wp-image-2429 size-full\" src=\"https:\/\/mycalorieapp.de\/wp-content\/uploads\/2021\/02\/yt_icon_rgb_28x20-1.png\" alt=\"YouTube\" width=\"28\" height=\"20\" \/><\/a><\/li>\r\n<li>14 neue Lebensmittel<\/li>\r\n<li>Neu: Fols\u00e4ure<\/li>\r\n<li>Neu: Austausch von Lebensmitteln und Rezepten mit QR-Code<\/li>\r\n<li>CSV-Export unterst\u00fctzt Verzeichnisauswahl<\/li>\r\n<li>CSV-Export unterst\u00fctzt Google Drive<\/li>\r\n<li>Sicherung unterst\u00fctzt Verzeichnisauswahl, lokal und Google Drive<\/li>\r\n<li>Sicherung vereinfacht<\/li>\r\n<li>Fehlerbehebung: Verwaiste Verzehre nach L\u00f6schung eines Rezepts gerettet<\/li>\r\n<li>Kleine Fehlerbehebungen<\/li>\r\n<\/ul>\r\n<p>Version 2.0.14, Juli 2022<\/p>\r\n<ul>\r\n<li>37 neue Lebensmittel<\/li>\r\n<li>Ver\u00f6ffentlicht im Samsung Galaxy Store<\/li>\r\n<li>Google Analytics entfernt<\/li>\r\n<li>Unterst\u00fctzung f\u00fcr Android 7 eingestellt<\/li>\r\n<li>Kleine Fehlerbehebungen<\/li>\r\n<\/ul>\r\n<p>Version 2.0.11, Juni 2022<\/p>\r\n<ul>\r\n<li>Anzeige des Purin-Balkendiagramms korrigiert<\/li>\r\n<li>Kleine Fehlerbehebungen<\/li>\r\n<\/ul>\r\n<p>Version 2.0.9, April 2022<\/p>\r\n<ul>\r\n<li>Neu: Google Fit, Schalter f\u00fcr \u00dcbernahme unbekannter Aktivit\u00e4ten<\/li>\r\n<li>Fehlerbehebung: Datenbank-Zugriff funktioniert nicht aus Widget<\/li>\r\n<li>Fehlerbehebung: Listen, die nur aus Rezepten bestehen, verschwinden<\/li>\r\n<li>Fehlerbehebung: Listen-Elemente zeigen Menge mehrfach an<\/li>\r\n<li>Kleine Fehlerbehebungen<\/li>\r\n<\/ul>\r\n<p>Version 2.0.8, Februar 2022<\/p>\r\n<ul>\r\n<li>87 neue Lebensmittel<\/li>\r\n<li>Neu: Aufnahme von Rezepten in Listen<\/li>\r\n<li>Neu: Startdatum des Di\u00e4t-Assistenten ver\u00e4nderbar<\/li>\r\n<li>Neu: Ergebnismenge bei Rezepten, zus\u00e4tzlich zum Wasserverlust<\/li>\r\n<li>Neu: Quelle des Purinwerts f\u00fcr neues Lebensmittel<\/li>\r\n<li>Gewichtstagebuch und Auswertung behalten ausgew\u00e4hlten Zeitraum<\/li>\r\n<li>Volle Unterst\u00fctzung von Android 12<\/li>\r\n<li>Integration von Google Fit abgeschlossen<\/li>\r\n<li>Kleine Fehlerbehebungen<\/li>\r\n<\/ul>\r\n<p>Version 2.0, Dezember 2021<\/p>\r\n<ul>\r\n<li>Erste \u00f6ffentliche Version<\/li>\r\n<\/ul>\r\n","protected":false},"excerpt":{"rendered":"<p>Version 2.6.3, M\u00e4rz 2026 7 neue Lebensmittel Lesen der Trainingsenergie von Google Health Connect verbessert Fehlerbehebung: Einfrieren der App, wenn Google Health Connect aktiv ist, aber alle Berechtigungen abgelehnt werden Kleine Fehlerbehebungen Version 2.6.1, Oktober 2025 Kleine Fehlerbehebungen Version 2.6,<\/p>\n","protected":false},"author":1,"featured_media":0,"parent":179,"menu_order":0,"comment_status":"closed","ping_status":"closed","template":"","meta":{"footnotes":""},"class_list":["post-183","page","type-page","status-publish","hentry","","tg-column-two"],"_links":{"self":[{"href":"https:\/\/mycalorieapp.de\/index.php?rest_route=\/wp\/v2\/pages\/183","targetHints":{"allow":["GET"]}}],"collection":[{"href":"https:\/\/mycalorieapp.de\/index.php?rest_route=\/wp\/v2\/pages"}],"about":[{"href":"https:\/\/mycalorieapp.de\/index.php?rest_route=\/wp\/v2\/types\/page"}],"author":[{"embeddable":true,"href":"https:\/\/mycalorieapp.de\/index.php?rest_route=\/wp\/v2\/users\/1"}],"replies":[{"embeddable":true,"href":"https:\/\/mycalorieapp.de\/index.php?rest_route=%2Fwp%2Fv2%2Fcomments&post=183"}],"version-history":[{"count":50,"href":"https:\/\/mycalorieapp.de\/index.php?rest_route=\/wp\/v2\/pages\/183\/revisions"}],"predecessor-version":[{"id":3407,"href":"https:\/\/mycalorieapp.de\/index.php?rest_route=\/wp\/v2\/pages\/183\/revisions\/3407"}],"up":[{"embeddable":true,"href":"https:\/\/mycalorieapp.de\/index.php?rest_route=\/wp\/v2\/pages\/179"}],"wp:attachment":[{"href":"https:\/\/mycalorieapp.de\/index.php?rest_route=%2Fwp%2Fv2%2Fmedia&parent=183"}],"curies":[{"name":"wp","href":"https:\/\/api.w.org\/{rel}","templated":true}]}}