{"id":179,"date":"2019-03-18T17:09:46","date_gmt":"2019-03-18T16:09:46","guid":{"rendered":"http:\/\/fitmitgicht.de\/?page_id=179"},"modified":"2026-01-12T17:17:30","modified_gmt":"2026-01-12T16:17:30","slug":"fit-mit-gicht","status":"publish","type":"page","link":"https:\/\/mycalorieapp.de\/?page_id=179","title":{"rendered":"Purin!"},"content":{"rendered":"<p><strong>WICHTIG:<\/strong> Dies ist eine 7-Tage-Testversion. Du kannst die App mit dem vollen Funktionsumfang und ohne Werbung testen. Nach Ablauf der siebent\u00e4gigen Testphase ist die App kostenpflichtig. Bitte wende Dich bei Fragen direkt an das <a href=\"https:\/\/mycalorieapp.de\/?page_id=103\">Support-Team<\/a>.<\/p>\n<p><strong>Purin!<\/strong> ist ein Purin-\/Harns\u00e4urez\u00e4hler mit Ern\u00e4hrungs-, Sport und Gewichtstagebuch. Die App funktioniert komplett ohne Internet-Verbindung.<\/p>\n<p style=\"padding-left: 40px;\"><a href=\"https:\/\/play.google.com\/store\/apps\/details?id=org.digitalcure.ccnf.gout2\" target=\"_blank\" rel=\"noopener noreferrer\"><img loading=\"lazy\" decoding=\"async\" class=\"alignnone wp-image-263 size-medium\" src=\"https:\/\/www.mycalorieapp.de\/wp-content\/uploads\/2019\/03\/Google_Play_Store_badge_DE-300x90.png\" alt=\"Google Play Store\" width=\"160\" height=\"90\" \/><\/a> \u00a0\u00a0 <a href=\"https:\/\/galaxystore.samsung.com\/detail\/org.digitalcure.ccnf.gout2\" target=\"_blank\" rel=\"noopener\"><img loading=\"lazy\" decoding=\"async\" class=\"alignnone wp-image-268\" src=\"https:\/\/www.mycalorieapp.de\/wp-content\/uploads\/2019\/03\/Samsung_Galaxy_Apps_badge_EN-300x114.png\" alt=\"Samsung Galaxy Apps\" width=\"160\" height=\"61\" \/><\/a><\/p>\n<p><strong>Purin!<\/strong> unterst\u00fctzt Dich bei einer purinarmen Ern\u00e4hrung. Sie kann Dir dabei helfen, den Harns\u00e4urewert in Deinem Blut positiv zu beeinflussen. Wenn Du Verantwortung \u00fcbernehmen und Deine Ern\u00e4hrung dauerhaft umstellen m\u00f6chtest, dann bist Du hier genau richtig!<\/p>\n<p>Diese App hilft Dir dabei, den \u00dcberblick \u00fcber Deine Mahlzeiten, Aktivit\u00e4ten und Dein Gewicht zu behalten. Diese App kann alle Deiner Schritte dokumentieren, mitverfolgen und auswerten. So kannst Du ganz leicht Deine Gewohnheiten an Deine gesundheitlichen Ziele anpassen.<\/p>\n<h5>Screenshots<\/h5>\n<div id=\"grid-gallery-3-24618\" data-gg-id=\"3\" data-title=\"Purine_DE\" data-grid-type=\"0\" data-offset=\"5.3\" data-area-position=\"center\" data-icons=\"\" data-preloader=\"true\" data-width=\"215\" data-height=\"215\" data-padding=\"0\" data-quicksand=\"disabled\" data-quicksand-duration=\"none\" data-popup-theme=\"theme_7\" data-popup-type=\"colorbox\" data-popup-fadeOut=\"300\" data-popup-image-text=\"data-caption\" data-popup-widthsize=\"auto\" data-popup-heightsize=\"auto\" data-popup-i18n-words=\"{&quot;close&quot;:&quot;schlie\\u00dfen&quot;,&quot;next&quot;:&quot;n\\u00e4chste&quot;,&quot;previous&quot;:&quot;vorherige&quot;,&quot;start_slideshow&quot;:&quot;Starte Slideshow&quot;,&quot;stop_slideshow&quot;:&quot;Stoppe Slideshow&quot;,&quot;image&quot;:&quot;Bild&quot;,&quot;of&quot;:&quot;von&quot;,&quot;prev&quot;:&quot;vorherige&quot;,&quot;cExpand&quot;:&quot;Erweitere&quot;,&quot;cPrevious&quot;:&quot;Vorheriges&quot;,&quot;cNext&quot;:&quot;N\\u00e4chstes&quot;,&quot;cExpandStr&quot;:&quot;Erweitere Bild&quot;,&quot;cRotate&quot;:&quot;Rotate&quot;,&quot;cDetails&quot;:&quot;Details&quot;}\" data-popup-slideshow=\"false\" data-popup-slideshow-speed=\"2500\" data-popup-hoverstop=\"true\" data-popup-slideshow-auto=\"false\" data-popup-background=\"\" data-popup-transparency=\"30\" data-popup-disable-history=\"\" data-popup-disable-changed-url=\"\" data-popup-border-type=\"solid\" data-popup-border-color=\"\" data-popup-border-width=\"\" data-popup-border-enable=\"\" data-fullscreen=\"false\" data-hide-tooltip=\"false\" data-caption-font-family=\"Default\" data-caption-text-size=\"140\" data-is-mobile=\"0\" data-caption-mobile=\"false\" data-hide-long-tltp-title=\"0\" data-caption-disabled-on-mobile=\"false\" data-polaroid-animation=\"true\" data-polaroid-scattering=\"true\" data-polaroid-frame-width=\"20\" data-popup-placement-type=\"0\" data-social-sharing=\"{&quot;enabled&quot;:&quot;&quot;,&quot;gallerySharing&quot;:{&quot;enabled&quot;:null,&quot;position&quot;:null},&quot;imageSharing&quot;:{&quot;enabled&quot;:null,&quot;wrapperClass&quot;:&quot; vertical &quot;},&quot;popupSharing&quot;:{&quot;enabled&quot;:null,&quot;wrapperClass&quot;:&quot; vertical &quot;}}\" class=\"grid-gallery grid-gallery-fixed \" style=\" width:100%; height:auto; margin-left:auto; margin-right:auto;position:relative;\"> <div class=\"gallery-loading\"> <div class=\"blocks\"> <div class=\"block\"><\/div> <div class=\"block\"><\/div> <div class=\"block\"><\/div> <div class=\"block\"><\/div> <\/div> <\/div> <div class=\"gallery-sharing-top\" style=\"display:none;\"> <\/div> <div id=\"photos-3\" class=\"grid-gallery-photos\"><FIGURE class=\"grid-gallery-caption\" data-grid-gallery-type=\"polaroid\" data-index=\"0\" style=\"display:none;border-radius:00;; margin:5.3px; width:2150;\" ><div class=\"crop\" style=\" width:2150; height:2150; overflow:hidden;\"><img decoding=\"async\" src=\"https:\/\/mycalorieapp.de\/wp-content\/uploads\/2021\/12\/1_Main-215x215.png\" class=\"ggImg\" alt=\"Start\" title=\"1_Main\" data-description=\"1_Main\" data-caption=\"Start\" data-title=\"1_Main\" style=\" width:215px; height:215px;\" \/><\/div><FIGCAPTION class=\"\" data-alpha=\"5\" style=\"color:#000000; background-color:#ffffff; font-size:140; text-align:left; font-family:Default;\" ><div class=\"grid-gallery-figcaption-wrap\" style=\"\"><\/div><\/FIGCAPTION><\/FIGURE><FIGURE class=\"grid-gallery-caption\" data-grid-gallery-type=\"polaroid\" data-index=\"1\" style=\"display:none;border-radius:00;; margin:5.3px; width:2150;\" ><div class=\"crop\" style=\" width:2150; height:2150; overflow:hidden;\"><img decoding=\"async\" src=\"https:\/\/mycalorieapp.de\/wp-content\/uploads\/2021\/12\/2_MyDay-215x215.png\" class=\"ggImg\" alt=\"Mein Tag\" title=\"2_MyDay\" data-description=\"2_MyDay\" data-caption=\"Mein Tag\" data-title=\"2_MyDay\" style=\" width:215px; height:215px;\" \/><\/div><FIGCAPTION class=\"\" data-alpha=\"5\" style=\"color:#000000; background-color:#ffffff; font-size:140; text-align:left; font-family:Default;\" ><div class=\"grid-gallery-figcaption-wrap\" style=\"\"><\/div><\/FIGCAPTION><\/FIGURE><FIGURE class=\"grid-gallery-caption\" data-grid-gallery-type=\"polaroid\" data-index=\"2\" style=\"display:none;border-radius:00;; margin:5.3px; width:2150;\" ><div class=\"crop\" style=\" width:2150; height:2150; overflow:hidden;\"><img decoding=\"async\" src=\"https:\/\/mycalorieapp.de\/wp-content\/uploads\/2021\/12\/3_Analysis-215x215.png\" class=\"ggImg\" alt=\"Auswertung\" title=\"3_Analysis\" data-description=\"3_Analysis\" data-caption=\"Auswertung\" data-title=\"3_Analysis\" style=\" width:215px; height:215px;\" \/><\/div><FIGCAPTION class=\"\" data-alpha=\"5\" style=\"color:#000000; background-color:#ffffff; font-size:140; text-align:left; font-family:Default;\" ><div class=\"grid-gallery-figcaption-wrap\" style=\"\"><\/div><\/FIGCAPTION><\/FIGURE><FIGURE class=\"grid-gallery-caption\" data-grid-gallery-type=\"polaroid\" data-index=\"3\" style=\"display:none;border-radius:00;; margin:5.3px; width:2150;\" ><div class=\"crop\" style=\" width:2150; height:2150; overflow:hidden;\"><img decoding=\"async\" src=\"https:\/\/mycalorieapp.de\/wp-content\/uploads\/2021\/12\/4_WeightChart-215x215.png\" class=\"ggImg\" alt=\"Diagramme\" title=\"4_WeightChart\" data-description=\"4_WeightChart\" data-caption=\"Diagramme\" data-title=\"4_WeightChart\" style=\" width:215px; height:215px;\" \/><\/div><FIGCAPTION class=\"\" data-alpha=\"5\" style=\"color:#000000; background-color:#ffffff; font-size:140; text-align:left; font-family:Default;\" ><div class=\"grid-gallery-figcaption-wrap\" style=\"\"><\/div><\/FIGCAPTION><\/FIGURE><FIGURE class=\"grid-gallery-caption\" data-grid-gallery-type=\"polaroid\" data-index=\"4\" style=\"display:none;border-radius:00;; margin:5.3px; width:2150;\" ><div class=\"crop\" style=\" width:2150; height:2150; overflow:hidden;\"><img decoding=\"async\" src=\"https:\/\/mycalorieapp.de\/wp-content\/uploads\/2021\/12\/5_Foods-215x215.png\" class=\"ggImg\" alt=\"Lebensmittel\" title=\"5_Foods\" data-description=\"5_Foods\" data-caption=\"Lebensmittel\" data-title=\"5_Foods\" style=\" width:215px; height:215px;\" \/><\/div><FIGCAPTION class=\"\" data-alpha=\"5\" style=\"color:#000000; background-color:#ffffff; font-size:140; text-align:left; font-family:Default;\" ><div class=\"grid-gallery-figcaption-wrap\" style=\"\"><\/div><\/FIGCAPTION><\/FIGURE><FIGURE class=\"grid-gallery-caption\" data-grid-gallery-type=\"polaroid\" data-index=\"5\" style=\"display:none;border-radius:00;; margin:5.3px; width:2150;\" ><div class=\"crop\" style=\" width:2150; height:2150; overflow:hidden;\"><img decoding=\"async\" src=\"https:\/\/mycalorieapp.de\/wp-content\/uploads\/2021\/12\/6_Sports-215x215.png\" class=\"ggImg\" alt=\"Sport\" title=\"6_Sports\" data-description=\"6_Sports\" data-caption=\"Sport\" data-title=\"6_Sports\" style=\" width:215px; height:215px;\" \/><\/div><FIGCAPTION class=\"\" data-alpha=\"5\" style=\"color:#000000; background-color:#ffffff; font-size:140; text-align:left; font-family:Default;\" ><div class=\"grid-gallery-figcaption-wrap\" style=\"\"><\/div><\/FIGCAPTION><\/FIGURE> <div class=\"grid-gallery-clearfix\"><\/div> <\/div> <div class=\"gallery-sharing-bottom\" style=\"display:none;\"> <\/div> <div class=\"gallery-sharing-image\" style=\"display:none;\"> <\/div> <div class=\"gallery-sharing-popup\" style=\"display:none;\"> <\/div> <div class=\"grid-gallery-clearfix\"><\/div> <\/div> <!-- Gallery by Supsystic plugin1.16.0 --><a title=\"Gallery Wordpress\" style=\"display:none;\" href=\"https:\/\/supsystic.com\/plugins\/photo-gallery\/?utm_medium=love_link\" target=\"_blank\">Gallery Wordpress<\/a>\n<p><strong>Purin!<\/strong> bietet diese gro\u00dfartigen Funktionen:<\/p>\n<p>\u2605 Offline-Datenbank mit mehr als 1.600 Lebensmitteln<br \/>\n\u2605 Unabh\u00e4ngig vom Netz, auch im Urlaub kein Problem!<br \/>\n\u2605 Listen und Rezeptberechnung<br \/>\n\u2605 Lebensmittelampel nach Purin\/Harns\u00e4ure<br \/>\n\u2605 Wasser-Tracking<\/p>\n<p>\u2605 Ern\u00e4hrungstagebuch mit Mahlzeiten<br \/>\n\u2605 Stimmung und Notiz f\u00fcr jeden Tag<br \/>\n\u2605 Grafische Auswertungen<br \/>\n\u2605 Di\u00e4t-Assistent zum Ab-\/Zunehmen<br \/>\n\u2605 Tagesempfehlungen f\u00fcr alle N\u00e4hrwerte individuell anpassbar<\/p>\n<p>\u2605 Export und Teilen von Diagrammen<br \/>\n\u2605 Drucken und PDF-Export<br \/>\n\u2605 CSV-Export<\/p>\n<p>\u2605 Sporttagebuch mit mehr als 480 Sportarten, automatische Verrechnung von verbrannten Kalorien<br \/>\n\u2605 Google Health: Lesen von Trainings und Energieverbrauch, Lesen des Gewichtstagebuchs<br \/>\n\u2605 Gewichtstagebuch mit BMI-Rechner und grafischer Auswertung<\/p>\n<p>\u2605 Schnelle \u00dcbersicht auf der Startseite<br \/>\n\u2605 Detaillierte Auswertung f\u00fcr beliebige Zeitr\u00e4ume<br \/>\n\u2605 3 Widgets<br \/>\n\u2605 Pers\u00f6nlicher und schneller Support \u2013 Oft gelobt und immer ein offenes Ohr!<br \/>\n\u2605 Keine Zwangsanmeldung bei Facebook oder einem anderen Dienst<\/p>\n<p>Wichtig: Die von der App ermittelten und angezeigten Informationen sind nicht zur Ermittlung von Medikamenten-Dosierungen vorgesehen. Es wird keine Haftung f\u00fcr die Richtigkeit der bereitgestellten Werte \u00fcbernommen.<\/p>\n<p lang=\"zxx\">Hinweis: Eine \u00dcbernahme von Daten aus &#8222;Kalorien!&#8220; oder &#8222;MyCalorieApp&#8220; ist leider nicht m\u00f6glich.<\/p>\n<h5>Download<\/h5>\n<p style=\"padding-left: 40px;\"><a href=\"https:\/\/play.google.com\/store\/apps\/details?id=org.digitalcure.ccnf.gout2\" target=\"_blank\" rel=\"noopener noreferrer\"><img loading=\"lazy\" decoding=\"async\" class=\"alignnone wp-image-263 size-medium\" src=\"https:\/\/www.mycalorieapp.de\/wp-content\/uploads\/2019\/03\/Google_Play_Store_badge_DE-300x90.png\" alt=\"Google Play Store\" width=\"160\" height=\"90\" \/><\/a> \u00a0\u00a0 <a href=\"https:\/\/galaxystore.samsung.com\/detail\/org.digitalcure.ccnf.gout2\" target=\"_blank\" rel=\"noopener\"><img loading=\"lazy\" decoding=\"async\" class=\"alignnone wp-image-268\" src=\"https:\/\/www.mycalorieapp.de\/wp-content\/uploads\/2019\/03\/Samsung_Galaxy_Apps_badge_EN-300x114.png\" alt=\"Samsung Galaxy Apps\" width=\"160\" height=\"61\" \/><\/a><\/p>\n<h5>Mehr Informationen<\/h5>\n<p><a href=\"https:\/\/mycalorieapp.de\/?page_id=134\">\u00dcberblick und Vergleich<\/a> \u2022 <a href=\"https:\/\/mycalorieapp.de\/?page_id=118\">H\u00e4ufig gestellte Fragen (FAQs)<\/a> \u2022 <a href=\"https:\/\/mycalorieapp.de\/?page_id=183\">Versionen<\/a><\/p>\n<h5>Lizenz<\/h5>\n<p>Copyright \u00a9 2021-2026 Stefan Diener Software-Entwicklung. All rights reserved.<\/p>\n<p>Redistribution and use in binary form, without modification, are permitted provided that the following condition is met: Redistributions in binary form must reproduce the above copyright notice, this condition and the following disclaimer in the documentation and\/or other materials provided with the distribution.<\/p>\n<p>THIS SOFTWARE IS PROVIDED BY THE COPYRIGHT HOLDERS AND CONTRIBUTORS \u201eAS IS\u201c AND ANY EXPRESS OR IMPLIED WARRANTIES, INCLUDING, BUT NOT LIMITED TO, THE IMPLIED WARRANTIES OF MERCHANTABILITY AND FITNESS FOR A PARTICULAR PURPOSE ARE DISCLAIMED. IN NO EVENT SHALL THE COPYRIGHT HOLDER OR CONTRIBUTORS BE LIABLE FOR ANY DIRECT, INDIRECT, INCIDENTAL, SPECIAL, EXEMPLARY, OR CONSEQUENTIAL DAMAGES (INCLUDING, BUT NOT LIMITED TO, PROCUREMENT OF SUBSTITUTE GOODS OR SERVICES; LOSS OF USE, DATA, OR PROFITS; OR BUSINESS INTERRUPTION) HOWEVER CAUSED AND ON ANY THEORY OF LIABILITY, WHETHER IN CONTRACT, STRICT LIABILITY, OR TORT (INCLUDING NEGLIGENCE OR OTHERWISE) ARISING IN ANY WAY OUT OF THE USE OF THIS SOFTWARE, EVEN IF ADVISED OF THE POSSIBILITY OF SUCH DAMAGE.<\/p>\n<h5>Eingeschlossene Lizenzen<\/h5>\n<p>This product contains copyrighted icons published under commercial licenses.<\/p>\n<p>This product contains icons and source code published under the following Open Source licenses:<\/p>\n<ul>\n<li><a href=\"http:\/\/www.apache.org\/licenses\/LICENSE-2.0\" target=\"_blank\" rel=\"noopener noreferrer\">Apache License 2.0<\/a>: This product includes software developed by the Apache Software Foundation (<a href=\"http:\/\/www.apache.org\/\" target=\"_blank\" rel=\"noopener noreferrer\">http:\/\/www.apache.org\/<\/a>).<\/li>\n<li><a href=\"https:\/\/www.gnu.org\/licenses\/lgpl-3.0\" target=\"_blank\" rel=\"noopener noreferrer\">LGPL 3.0<\/a>: This product includes software published under the GNU Lesser General Public License, Version 3. To obtain a copy of the source code, please write to the author of this application.<\/li>\n<li>This product includes material published under the <a href=\"https:\/\/creativecommons.org\/licenses\/by\/4.0\/legalcode\" target=\"_blank\" rel=\"noopener noreferrer\">Creative Commons Attribution 4.0 International Public License<\/a>. To obtain a copy of the original and the modified material, please write to the author of this application.<\/li>\n<li>SQLCipher Community Edition, Copyright \u00a9 2008\u20132020 Zetetic LLC, All rights reserved.<\/li>\n<li>CCO Universal (CC0 1.0), Public Domain Dedication<\/li>\n<\/ul>\n<p>This application uses nutrition information published by the Swiss Food Composition Database of the Federal Food Safety and Veterinary Office FSVO (<a href=\"http:\/\/naehrwertdaten.ch\" target=\"_blank\" rel=\"noopener noreferrer\">http:\/\/naehrwertdaten.ch<\/a>).<\/p>\n<p>This application uses nutrition information published by the Bundeslebensmittelschl\u00fcssels (BLS) under the CC BY 4.0. Max Rubner\u2013Institut (2025): Bundeslebensmittelschl\u00fcssel (BLS), Version 4.0 \u2013 Deutsche N\u00e4hrstoffdatenbank. Karlsruhe. DOI: 10.25826\/Data20251217-134202-0<\/p>\n<p>This application contains information entered by users of MyCalorieApp.<\/p>\n<p>This product contains public sector information licensed under the Open Government Licence v1.0.<\/p>\n<p>The Emoji icons were designed by Freepik from Flaticon.<\/p>\n","protected":false},"excerpt":{"rendered":"<p>WICHTIG: Dies ist eine 7-Tage-Testversion. Du kannst die App mit dem vollen Funktionsumfang und ohne Werbung testen. Nach Ablauf der siebent\u00e4gigen Testphase ist die App kostenpflichtig. Bitte wende Dich bei Fragen direkt an das Support-Team. Purin! ist ein Purin-\/Harns\u00e4urez\u00e4hler mit<\/p>\n","protected":false},"author":1,"featured_media":0,"parent":0,"menu_order":0,"comment_status":"closed","ping_status":"closed","template":"","meta":{"footnotes":""},"class_list":["post-179","page","type-page","status-publish","hentry","","tg-column-two"],"_links":{"self":[{"href":"https:\/\/mycalorieapp.de\/index.php?rest_route=\/wp\/v2\/pages\/179","targetHints":{"allow":["GET"]}}],"collection":[{"href":"https:\/\/mycalorieapp.de\/index.php?rest_route=\/wp\/v2\/pages"}],"about":[{"href":"https:\/\/mycalorieapp.de\/index.php?rest_route=\/wp\/v2\/types\/page"}],"author":[{"embeddable":true,"href":"https:\/\/mycalorieapp.de\/index.php?rest_route=\/wp\/v2\/users\/1"}],"replies":[{"embeddable":true,"href":"https:\/\/mycalorieapp.de\/index.php?rest_route=%2Fwp%2Fv2%2Fcomments&post=179"}],"version-history":[{"count":27,"href":"https:\/\/mycalorieapp.de\/index.php?rest_route=\/wp\/v2\/pages\/179\/revisions"}],"predecessor-version":[{"id":3390,"href":"https:\/\/mycalorieapp.de\/index.php?rest_route=\/wp\/v2\/pages\/179\/revisions\/3390"}],"wp:attachment":[{"href":"https:\/\/mycalorieapp.de\/index.php?rest_route=%2Fwp%2Fv2%2Fmedia&parent=179"}],"curies":[{"name":"wp","href":"https:\/\/api.w.org\/{rel}","templated":true}]}}