{"id":142,"date":"2019-03-13T16:38:26","date_gmt":"2019-03-13T15:38:26","guid":{"rendered":"http:\/\/fitmitgicht.de\/?page_id=142"},"modified":"2026-01-12T17:15:48","modified_gmt":"2026-01-12T16:15:48","slug":"kalorien-life-balance","status":"publish","type":"page","link":"https:\/\/mycalorieapp.de\/","title":{"rendered":"Kalorien!"},"content":{"rendered":"<p>Du bist, was Du isst! Deine Ern\u00e4hrung beeinflusst Dein Leben! Egal ob Du Gewicht verlieren oder einige Muskeln aufbauen m\u00f6chtest, lass <b>Kalorien!<\/b> Dein pers\u00f6nlicher Gesundheitscoach bei der Erreichung Deiner Ziele sein.<\/p>\n<p style=\"padding-left: 30px;\"><a href=\"https:\/\/play.google.com\/store\/apps\/details?id=org.digitalcure.ccnf.app&amp;utm_source=global_co&amp;utm_medium=prtnr&amp;utm_content=Mar2515&amp;utm_campaign=PartBadge&amp;pcampaignid=MKT-AC-global-none-all-co-pr-py-PartBadges-Oct1515-1\" target=\"_blank\" rel=\"noopener noreferrer\"><img loading=\"lazy\" decoding=\"async\" class=\" wp-image-263 alignnone\" src=\"https:\/\/www.mycalorieapp.de\/wp-content\/uploads\/2019\/03\/Google_Play_Store_badge_DE-300x90.png\" alt=\"Google Play Store\" width=\"160\" height=\"48\" \/><\/a> \u00a0 \u00a0<a href=\"https:\/\/galaxystore.samsung.com\/detail\/org.digitalcure.ccnf.app\" target=\"_blank\" rel=\"noopener\"><img loading=\"lazy\" decoding=\"async\" class=\" wp-image-268 alignnone\" src=\"https:\/\/www.mycalorieapp.de\/wp-content\/uploads\/2019\/03\/Samsung_Galaxy_Apps_badge_EN-300x114.png\" alt=\"Samsung Galaxy Apps\" width=\"160\" height=\"61\" \/><\/a><\/p>\n<h5>Screenshots<\/h5>\n<div id=\"grid-gallery-2-51546\" data-gg-id=\"2\" data-title=\"Full_DE\" data-grid-type=\"0\" data-offset=\"5.3\" data-area-position=\"center\" data-icons=\"\" data-preloader=\"true\" data-width=\"215\" data-height=\"215\" data-padding=\"0\" data-quicksand=\"disabled\" data-quicksand-duration=\"none\" data-popup-theme=\"theme_7\" data-popup-type=\"colorbox\" data-popup-fadeOut=\"300\" data-popup-image-text=\"data-caption\" data-popup-widthsize=\"auto\" data-popup-heightsize=\"auto\" data-popup-i18n-words=\"{&quot;close&quot;:&quot;schlie\\u00dfen&quot;,&quot;next&quot;:&quot;n\\u00e4chste&quot;,&quot;previous&quot;:&quot;vorherige&quot;,&quot;start_slideshow&quot;:&quot;Starte Slideshow&quot;,&quot;stop_slideshow&quot;:&quot;Stoppe Slideshow&quot;,&quot;image&quot;:&quot;Bild&quot;,&quot;of&quot;:&quot;von&quot;,&quot;prev&quot;:&quot;vorherige&quot;,&quot;cExpand&quot;:&quot;Erweitere&quot;,&quot;cPrevious&quot;:&quot;Vorheriges&quot;,&quot;cNext&quot;:&quot;N\\u00e4chstes&quot;,&quot;cExpandStr&quot;:&quot;Erweitere Bild&quot;,&quot;cRotate&quot;:&quot;Rotate&quot;,&quot;cDetails&quot;:&quot;Details&quot;}\" data-popup-slideshow=\"false\" data-popup-slideshow-speed=\"2500\" data-popup-hoverstop=\"true\" data-popup-slideshow-auto=\"false\" data-popup-background=\"\" data-popup-transparency=\"30\" data-popup-disable-history=\"\" data-popup-disable-changed-url=\"\" data-popup-border-type=\"solid\" data-popup-border-color=\"\" data-popup-border-width=\"\" data-popup-border-enable=\"\" data-fullscreen=\"false\" data-hide-tooltip=\"false\" data-caption-font-family=\"Default\" data-caption-text-size=\"140\" data-is-mobile=\"0\" data-caption-mobile=\"false\" data-hide-long-tltp-title=\"0\" data-caption-disabled-on-mobile=\"false\" data-polaroid-animation=\"true\" data-polaroid-scattering=\"true\" data-polaroid-frame-width=\"20\" data-popup-placement-type=\"0\" data-social-sharing=\"{&quot;enabled&quot;:&quot;&quot;,&quot;gallerySharing&quot;:{&quot;enabled&quot;:null,&quot;position&quot;:null},&quot;imageSharing&quot;:{&quot;enabled&quot;:null,&quot;wrapperClass&quot;:&quot; vertical &quot;},&quot;popupSharing&quot;:{&quot;enabled&quot;:null,&quot;wrapperClass&quot;:&quot; vertical &quot;}}\" class=\"grid-gallery grid-gallery-fixed \" style=\" width:100%; height:auto; margin-left:auto; margin-right:auto;position:relative;\"> <div class=\"gallery-loading\"> <div class=\"blocks\"> <div class=\"block\"><\/div> <div class=\"block\"><\/div> <div class=\"block\"><\/div> <div class=\"block\"><\/div> <\/div> <\/div> <div class=\"gallery-sharing-top\" style=\"display:none;\"> <\/div> <div id=\"photos-2\" class=\"grid-gallery-photos\"><FIGURE class=\"grid-gallery-caption\" data-grid-gallery-type=\"polaroid\" data-index=\"0\" style=\"display:none;border-radius:00;; margin:5.3px; width:2150;\" ><div class=\"crop\" style=\" width:2150; height:2150; overflow:hidden;\"><img decoding=\"async\" src=\"https:\/\/mycalorieapp.de\/wp-content\/uploads\/2019\/03\/1_Main-3-215x215.png\" class=\"ggImg\" alt=\"Start\" title=\"1_Main-3\" data-description=\"1_Main-3\" data-caption=\"Start\" data-title=\"1_Main-3\" style=\" width:215px; height:215px;\" \/><\/div><FIGCAPTION class=\"\" data-alpha=\"5\" style=\"color:#000000; background-color:#ffffff; font-size:140; text-align:left; font-family:Default;\" ><div class=\"grid-gallery-figcaption-wrap\" style=\"\"><\/div><\/FIGCAPTION><\/FIGURE><FIGURE class=\"grid-gallery-caption\" data-grid-gallery-type=\"polaroid\" data-index=\"1\" style=\"display:none;border-radius:00;; margin:5.3px; width:2150;\" ><div class=\"crop\" style=\" width:2150; height:2150; overflow:hidden;\"><img decoding=\"async\" src=\"https:\/\/mycalorieapp.de\/wp-content\/uploads\/2019\/03\/2_MyDay-2-215x215.png\" class=\"ggImg\" alt=\"Mein Tag\" title=\"2_MyDay-2\" data-description=\"2_MyDay-2\" data-caption=\"Mein Tag\" data-title=\"2_MyDay-2\" style=\" width:215px; height:215px;\" \/><\/div><FIGCAPTION class=\"\" data-alpha=\"5\" style=\"color:#000000; background-color:#ffffff; font-size:140; text-align:left; font-family:Default;\" ><div class=\"grid-gallery-figcaption-wrap\" style=\"\"><\/div><\/FIGCAPTION><\/FIGURE><FIGURE class=\"grid-gallery-caption\" data-grid-gallery-type=\"polaroid\" data-index=\"2\" style=\"display:none;border-radius:00;; margin:5.3px; width:2150;\" ><div class=\"crop\" style=\" width:2150; height:2150; overflow:hidden;\"><img decoding=\"async\" src=\"https:\/\/mycalorieapp.de\/wp-content\/uploads\/2019\/03\/3_AnalysisDetails-3-215x215.png\" class=\"ggImg\" alt=\"Auswertung\" title=\"3_AnalysisDetails-3\" data-description=\"3_AnalysisDetails-3\" data-caption=\"Auswertung\" data-title=\"3_AnalysisDetails-3\" style=\" width:215px; height:215px;\" \/><\/div><FIGCAPTION class=\"\" data-alpha=\"5\" style=\"color:#000000; background-color:#ffffff; font-size:140; text-align:left; font-family:Default;\" ><div class=\"grid-gallery-figcaption-wrap\" style=\"\"><\/div><\/FIGCAPTION><\/FIGURE><FIGURE class=\"grid-gallery-caption\" data-grid-gallery-type=\"polaroid\" data-index=\"3\" style=\"display:none;border-radius:00;; margin:5.3px; width:2150;\" ><div class=\"crop\" style=\" width:2150; height:2150; overflow:hidden;\"><img decoding=\"async\" src=\"https:\/\/mycalorieapp.de\/wp-content\/uploads\/2019\/03\/4_AnalysisDiagram-2-215x215.png\" class=\"ggImg\" alt=\"Diagramme\" title=\"4_AnalysisDiagram-2\" data-description=\"4_AnalysisDiagram-2\" data-caption=\"Diagramme\" data-title=\"4_AnalysisDiagram-2\" style=\" width:215px; height:215px;\" \/><\/div><FIGCAPTION class=\"\" data-alpha=\"5\" style=\"color:#000000; background-color:#ffffff; font-size:140; text-align:left; font-family:Default;\" ><div class=\"grid-gallery-figcaption-wrap\" style=\"\"><\/div><\/FIGCAPTION><\/FIGURE><FIGURE class=\"grid-gallery-caption\" data-grid-gallery-type=\"polaroid\" data-index=\"4\" style=\"display:none;border-radius:00;; margin:5.3px; width:2150;\" ><div class=\"crop\" style=\" width:2150; height:2150; overflow:hidden;\"><img decoding=\"async\" src=\"https:\/\/mycalorieapp.de\/wp-content\/uploads\/2019\/03\/5_WeightList-2-215x215.png\" class=\"ggImg\" alt=\"Gewicht\" title=\"5_WeightList-2\" data-description=\"5_WeightList-2\" data-caption=\"Gewicht\" data-title=\"5_WeightList-2\" style=\" width:215px; height:215px;\" \/><\/div><FIGCAPTION class=\"\" data-alpha=\"5\" style=\"color:#000000; background-color:#ffffff; font-size:140; text-align:left; font-family:Default;\" ><div class=\"grid-gallery-figcaption-wrap\" style=\"\"><\/div><\/FIGCAPTION><\/FIGURE><FIGURE class=\"grid-gallery-caption\" data-grid-gallery-type=\"polaroid\" data-index=\"5\" style=\"display:none;border-radius:00;; margin:5.3px; width:2150;\" ><div class=\"crop\" style=\" width:2150; height:2150; overflow:hidden;\"><img decoding=\"async\" src=\"https:\/\/mycalorieapp.de\/wp-content\/uploads\/2019\/03\/6_WeightDiagram-2-215x215.png\" class=\"ggImg\" alt=\"Diagramme\" title=\"6_WeightDiagram-2\" data-description=\"6_WeightDiagram-2\" data-caption=\"Diagramme\" data-title=\"6_WeightDiagram-2\" style=\" width:215px; height:215px;\" \/><\/div><FIGCAPTION class=\"\" data-alpha=\"5\" style=\"color:#000000; background-color:#ffffff; font-size:140; text-align:left; font-family:Default;\" ><div class=\"grid-gallery-figcaption-wrap\" style=\"\"><\/div><\/FIGCAPTION><\/FIGURE><FIGURE class=\"grid-gallery-caption\" data-grid-gallery-type=\"polaroid\" data-index=\"6\" style=\"display:none;border-radius:00;; margin:5.3px; width:2150;\" ><div class=\"crop\" style=\" width:2150; height:2150; overflow:hidden;\"><img decoding=\"async\" src=\"https:\/\/mycalorieapp.de\/wp-content\/uploads\/2019\/03\/7_DietAssistant-2-215x215.png\" class=\"ggImg\" alt=\"Di\u00e4t-Assistent\" title=\"7_DietAssistant-2\" data-description=\"7_DietAssistant-2\" data-caption=\"Di\u00e4t-Assistent\" data-title=\"7_DietAssistant-2\" style=\" width:215px; height:215px;\" \/><\/div><FIGCAPTION class=\"\" data-alpha=\"5\" style=\"color:#000000; background-color:#ffffff; font-size:140; text-align:left; font-family:Default;\" ><div class=\"grid-gallery-figcaption-wrap\" style=\"\"><\/div><\/FIGCAPTION><\/FIGURE><FIGURE class=\"grid-gallery-caption\" data-grid-gallery-type=\"polaroid\" data-index=\"7\" style=\"display:none;border-radius:00;; margin:5.3px; width:2150;\" ><div class=\"crop\" style=\" width:2150; height:2150; overflow:hidden;\"><img decoding=\"async\" src=\"https:\/\/mycalorieapp.de\/wp-content\/uploads\/2019\/03\/8_Foods-2-215x215.png\" class=\"ggImg\" alt=\"Lebensmittel\" title=\"8_Foods-2\" data-description=\"8_Foods-2\" data-caption=\"Lebensmittel\" data-title=\"8_Foods-2\" style=\" width:215px; height:215px;\" \/><\/div><FIGCAPTION class=\"\" data-alpha=\"5\" style=\"color:#000000; background-color:#ffffff; font-size:140; text-align:left; font-family:Default;\" ><div class=\"grid-gallery-figcaption-wrap\" style=\"\"><\/div><\/FIGCAPTION><\/FIGURE><FIGURE class=\"grid-gallery-caption\" data-grid-gallery-type=\"polaroid\" data-index=\"8\" style=\"display:none;border-radius:00;; margin:5.3px; width:2150;\" ><div class=\"crop\" style=\" width:2150; height:2150; overflow:hidden;\"><img decoding=\"async\" src=\"https:\/\/mycalorieapp.de\/wp-content\/uploads\/2019\/03\/9_Sports-2-215x215.png\" class=\"ggImg\" alt=\"Sport\" title=\"Suche, Sportarten\" data-description=\"Suche, Sportarten\" data-caption=\"Sport\" data-title=\"Suche, Sportarten\" style=\" width:215px; height:215px;\" \/><\/div><FIGCAPTION class=\"\" data-alpha=\"5\" style=\"color:#000000; background-color:#ffffff; font-size:140; text-align:left; font-family:Default;\" ><div class=\"grid-gallery-figcaption-wrap\" style=\"\"><\/div><\/FIGCAPTION><\/FIGURE> <div class=\"grid-gallery-clearfix\"><\/div> <\/div> <div class=\"gallery-sharing-bottom\" style=\"display:none;\"> <\/div> <div class=\"gallery-sharing-image\" style=\"display:none;\"> <\/div> <div class=\"gallery-sharing-popup\" style=\"display:none;\"> <\/div> <div class=\"grid-gallery-clearfix\"><\/div> <\/div> <!-- Gallery by Supsystic plugin1.16.0 --><a title=\"Gallery Wordpress\" style=\"display:none;\" href=\"https:\/\/supsystic.com\/plugins\/photo-gallery\/?utm_medium=love_link\" target=\"_blank\">Gallery Wordpress<\/a>\n<p><b>Kalorien!<\/b> bietet diese gro\u00dfartigen Funktionen:<\/p>\n<h5>Lebensmittel<\/h5>\n<p style=\"padding-left: 30px;\">\u2605 <span style=\"text-decoration: underline;\">Offline-Datenbank<\/span> mit mehr als 1.900 Lebensmitteln, plus die Option zur Erweiterung um mehr als 160.000 zus\u00e4tzliche Lebensmittel (In-App-Kauf)<br \/>\n\u2605 <span style=\"text-decoration: underline;\">Barcode-Scanner<\/span> mit mehr als 160.000 Barcodes (In-App-Kauf)<br \/>\n\u2605 Portionen zu fast allen Lebensmitteln und Gerichten, ebenso Eingabe nach Gewicht m\u00f6glich<br \/>\n\u2605 Eigene Portionen f\u00fcr alle Lebensmittel \u2013 einfach und schnell selbst erg\u00e4nzen<br \/>\n\u2605 Lebensmittelampel nach Energiedichte<br \/>\n\u2605 Listen und <span style=\"text-decoration: underline;\">Rezeptberechnung<\/span><\/p>\n<h5>Ern\u00e4hrung<\/h5>\n<p style=\"padding-left: 30px;\">\u2605 Ern\u00e4hrungstagebuch mit optionalen Mahlzeiten<br \/>\n\u2605 <span style=\"text-decoration: underline;\">Di\u00e4t-Assistent<\/span> zum Ab-\/Zunehmen<br \/>\n\u2605 Wasser-Tracking<br \/>\n\u2605 BE-\/KE-Kalkulator f\u00fcr <span style=\"text-decoration: underline;\">Diabetiker<\/span><br \/>\n\u2605 WW-Punkte-Kalkulator f\u00fcr Flex, Pro und Plus<br \/>\n\u2605 Skaldeman-Index (In-App-Kauf)<br \/>\n\u2605 Tagesempfehlungen f\u00fcr alle N\u00e4hrwerte individuell anpassbar (In-App-Kauf)<\/p>\n<h5 lang=\"de-DE\">Drucken und Export<\/h5>\n<p style=\"padding-left: 30px;\">\u2605 Export und Teilen von Diagrammen<br \/>\n\u2605 <span style=\"text-decoration: underline;\">Drucken und PDF-Export<\/span> (In-App-Kauf)<br \/>\n\u2605 CSV-Export (In-App-Kauf)<\/p>\n<h5>Fitness und Training<\/h5>\n<p style=\"padding-left: 30px;\">\u2605 Sporttagebuch mit mehr als 480 Sportarten, automatische Verrechnung von verbrannten Kalorien<br \/>\n\u2605 Gewichtstagebuch mit BMI-Rechner und grafischer Auswertung<br \/>\n\u2605 <span style=\"text-decoration: underline;\">Google Health<\/span>: Lesen von Trainings und Energieverbrauch, z.B. Android Wear, Nike+, Adidas, Polar, Basis, Runtastic, usw.<br \/>\n\u2605 Google Health: Lesen des Gewichtstagebuchs, z.B. Withings, FatSecret, usw.<\/p>\n<h5>Benutzeroberfl\u00e4che<\/h5>\n<p style=\"padding-left: 30px;\">\u2605 Schnelle \u00dcbersicht auf der Startseite<br \/>\n\u2605 Detaillierte Auswertung f\u00fcr beliebige Zeitr\u00e4ume, inklusive Vitamine und Mineralstoffe<br \/>\n\u2605 <span style=\"text-decoration: underline;\">3 Widgets<\/span> (1 free, 2 In-App-Kauf)<br \/>\n\u2605 Suche nach Text, Kategorien, Favoriten, h\u00e4ufig verwendete Lebensmittel<br \/>\n\u2605 Bequemes Kopieren von Verzehren, Trainings, Lebensmitteln, Sportarten<br \/>\n\u2605 Unkompliziertes Anlegen neuer Lebensmittel und Sportarten<\/p>\n<p>&#8230;und viel, viel mehr!<\/p>\n<h5>Was macht <b>Kalorien! <\/b>besser als all die anderen Apps?<\/h5>\n<p style=\"padding-left: 30px;\">\u2605 Alles steht offline zur Verf\u00fcgung \u2013 Unabh\u00e4ngig vom Netz, auch im Urlaub kein Problem!<br \/>\n\u2605 Geradlinige und einfach zu bedienende Oberfl\u00e4che<br \/>\n\u2605 Keine Zwangsanmeldung bei Facebook oder einem anderen Dienst<br \/>\n\u2605 Rezeptberechnung \u2013 <u>Das gibt\u2019s nur hier!<\/u><br \/>\n\u2605 Sehr leichte Erweiterbarkeit f\u00fcr neue Lebensmittel<br \/>\n\u2605 Werbung kann entfernt werden (In-App-Kauf)<br \/>\n\u2605 Pers\u00f6nlicher und schneller Support \u2013 Oft gelobt und immer ein offenes Ohr!<br \/>\n\u2605 Alle K\u00e4ufe im Shop verl\u00e4ngern sich nicht automatisch, d.h. kein Abo!<\/p>\n<p>Wenn Du also auf leichte, schnelle Art und mit Freude Fett loswerden, Muskeln aufbauen oder einfach nur Deine Gesundheit verbessern m\u00f6chtest, dann lade <b>Kalorien!<\/b> herunter und finde heraus, warum unsere Benutzer diese App so lieben!<\/p>\n<p>Hier die Liste aller enthaltenen Werte:<\/p>\n<p>kcal\/KJ, WW <span lang=\"en-US\">Points<\/span>, Wasser, Kohlenhydrate, BE, KE, Zucker, Ballaststoffe, Eiwei\u00df, Cholesterin, Alkohol, Fett, unges\u00e4ttigte Fetts\u00e4uren, einfach unges\u00e4ttigte Fetts\u00e4uren, mehrfach unges\u00e4ttigte Fetts\u00e4uren, Natrium, Salz, Kalium, Magnesium, Kalzium, Eisen, Zink, Jod, Fols\u00e4ure, Vitamin A, B1, B2, B6, Vitamin C, Vitamin E, St\u00e4rke, Phosphor, Chlorid, Pantothens\u00e4ure (Vitamin B5) und exklusiv in der Pro-Version Niacin (Vitamin B3), Vitamin B12, D, K und Fruktose.<\/p>\n<h5>Download<\/h5>\n<p style=\"padding-left: 30px;\"><a href=\"https:\/\/play.google.com\/store\/apps\/details?id=org.digitalcure.ccnf.app&amp;utm_source=global_co&amp;utm_medium=prtnr&amp;utm_content=Mar2515&amp;utm_campaign=PartBadge&amp;pcampaignid=MKT-AC-global-none-all-co-pr-py-PartBadges-Oct1515-1\" target=\"_blank\" rel=\"noopener noreferrer\"><img decoding=\"async\" class=\"size-medium wp-image-263 alignnone\" src=\"https:\/\/www.mycalorieapp.de\/wp-content\/uploads\/2019\/03\/Google_Play_Store_badge_DE-300x90.png\" alt=\"Google Play Store\" width=\"160\" \/><\/a> \u00a0\u00a0\u00a0 <a href=\"https:\/\/galaxystore.samsung.com\/detail\/org.digitalcure.ccnf.app\" target=\"_blank\" rel=\"noopener\"><img decoding=\"async\" class=\"size-medium wp-image-268 alignnone\" src=\"https:\/\/www.mycalorieapp.de\/wp-content\/uploads\/2019\/03\/Samsung_Galaxy_Apps_badge_EN-300x114.png\" alt=\"Samsung Galaxy Apps\" width=\"160\" \/><\/a><\/p>\n<h5>Mehr Informationen<\/h5>\n<p><a href=\"https:\/\/mycalorieapp.de\/?page_id=134\">\u00dcberblick und Vergleich<\/a> \u2022 <a href=\"https:\/\/mycalorieapp.de\/?page_id=118\">H\u00e4ufig gestellte Fragen (FAQs)<\/a> \u2022 <a href=\"https:\/\/mycalorieapp.de\/?page_id=146\">Versionen<\/a><\/p>\n<h5>Lizenz<\/h5>\n<p>Copyright \u00a9 2011-2026 Stefan Diener Software-Entwicklung. All rights reserved.<\/p>\n<p>Redistribution and use in binary form, without modification, are permitted provided that the following condition is met: Redistributions in binary form must reproduce the above copyright notice, this condition and the following disclaimer in the documentation and\/or other materials provided with the distribution.<\/p>\n<p>THIS SOFTWARE IS PROVIDED BY THE COPYRIGHT HOLDERS AND CONTRIBUTORS &#8222;AS IS&#8220; AND ANY EXPRESS OR IMPLIED WARRANTIES, INCLUDING, BUT NOT LIMITED TO, THE IMPLIED WARRANTIES OF MERCHANTABILITY AND FITNESS FOR A PARTICULAR PURPOSE ARE DISCLAIMED. IN NO EVENT SHALL THE COPYRIGHT HOLDER OR CONTRIBUTORS BE LIABLE FOR ANY DIRECT, INDIRECT, INCIDENTAL, SPECIAL, EXEMPLARY, OR CONSEQUENTIAL DAMAGES (INCLUDING, BUT NOT LIMITED TO, PROCUREMENT OF SUBSTITUTE GOODS OR SERVICES; LOSS OF USE, DATA, OR PROFITS; OR BUSINESS INTERRUPTION) HOWEVER CAUSED AND ON ANY THEORY OF LIABILITY, WHETHER IN CONTRACT, STRICT LIABILITY, OR TORT (INCLUDING NEGLIGENCE OR OTHERWISE) ARISING IN ANY WAY OUT OF THE USE OF THIS SOFTWARE, EVEN IF ADVISED OF THE POSSIBILITY OF SUCH DAMAGE.<\/p>\n<h5>Eingeschlossene Lizenzen<\/h5>\n<p>This product contains copyrighted icons published under commercial licenses.<\/p>\n<p>This product contains icons and source code published under the following Open Source licenses:<\/p>\n<ul>\n<li><a href=\"http:\/\/www.apache.org\/licenses\/LICENSE-2.0\" target=\"_blank\" rel=\"noopener noreferrer\">Apache License 2.0<\/a>: This product includes software developed by the Apache Software Foundation (<a href=\"http:\/\/www.apache.org\/\" target=\"_blank\" rel=\"noopener noreferrer\">http:\/\/www.apache.org\/<\/a>).<\/li>\n<li><a href=\"https:\/\/www.gnu.org\/licenses\/lgpl-3.0\" target=\"_blank\" rel=\"noopener noreferrer\">LGPL 3.0<\/a>: This product includes software published under the GNU Lesser General Public License, Version 3. To obtain a copy of the source code, please write to the author of this application.<\/li>\n<li>This product includes material published under the <a href=\"https:\/\/creativecommons.org\/licenses\/by\/4.0\/legalcode\" target=\"_blank\" rel=\"noopener noreferrer\">Creative Commons Attribution 4.0 International Public License<\/a>. To obtain a copy of the original and the modified material, please write to the author of this application.<\/li>\n<li>SQLCipher Community Edition, Copyright \u00a9 2008\u20132020 Zetetic LLC, All rights reserved.<\/li>\n<li>CCO Universal (CC0 1.0), Public Domain Dedication<\/li>\n<\/ul>\n<p>This application uses nutrition information published by the Swiss Food Composition Database of the Federal Food Safety and Veterinary Office FSVO (<a href=\"http:\/\/naehrwertdaten.ch\" target=\"_blank\" rel=\"noopener noreferrer\">http:\/\/naehrwertdaten.ch<\/a>).<\/p>\n<p>This application uses nutrition information published by the Bundeslebensmittelschl\u00fcssels (BLS) under the CC BY 4.0. Max Rubner\u2013Institut (2025): Bundeslebensmittelschl\u00fcssel (BLS), Version 4.0 \u2013 Deutsche N\u00e4hrstoffdatenbank. Karlsruhe. DOI: 10.25826\/Data20251217-134202-0<\/p>\n<p>This application contains information entered by users of MyCalorieApp.<\/p>\n<p>This product contains public sector information licensed under the Open Government Licence v1.0.<\/p>\n<p>The Emoji icons were designed by Freepik from Flaticon.<\/p>\n","protected":false},"excerpt":{"rendered":"<p>Du bist, was Du isst! Deine Ern\u00e4hrung beeinflusst Dein Leben! Egal ob Du Gewicht verlieren oder einige Muskeln aufbauen m\u00f6chtest, lass Kalorien! Dein pers\u00f6nlicher Gesundheitscoach bei der Erreichung Deiner Ziele sein. \u00a0 \u00a0 Screenshots Kalorien! bietet diese gro\u00dfartigen Funktionen: Lebensmittel<\/p>\n","protected":false},"author":1,"featured_media":0,"parent":0,"menu_order":0,"comment_status":"closed","ping_status":"closed","template":"","meta":{"footnotes":""},"class_list":["post-142","page","type-page","status-publish","hentry","","tg-column-two"],"_links":{"self":[{"href":"https:\/\/mycalorieapp.de\/index.php?rest_route=\/wp\/v2\/pages\/142","targetHints":{"allow":["GET"]}}],"collection":[{"href":"https:\/\/mycalorieapp.de\/index.php?rest_route=\/wp\/v2\/pages"}],"about":[{"href":"https:\/\/mycalorieapp.de\/index.php?rest_route=\/wp\/v2\/types\/page"}],"author":[{"embeddable":true,"href":"https:\/\/mycalorieapp.de\/index.php?rest_route=\/wp\/v2\/users\/1"}],"replies":[{"embeddable":true,"href":"https:\/\/mycalorieapp.de\/index.php?rest_route=%2Fwp%2Fv2%2Fcomments&post=142"}],"version-history":[{"count":39,"href":"https:\/\/mycalorieapp.de\/index.php?rest_route=\/wp\/v2\/pages\/142\/revisions"}],"predecessor-version":[{"id":3383,"href":"https:\/\/mycalorieapp.de\/index.php?rest_route=\/wp\/v2\/pages\/142\/revisions\/3383"}],"wp:attachment":[{"href":"https:\/\/mycalorieapp.de\/index.php?rest_route=%2Fwp%2Fv2%2Fmedia&parent=142"}],"curies":[{"name":"wp","href":"https:\/\/api.w.org\/{rel}","templated":true}]}}