{"id":134,"date":"2019-03-12T08:50:41","date_gmt":"2019-03-12T07:50:41","guid":{"rendered":"http:\/\/fitmitgicht.de\/?page_id=134"},"modified":"2019-03-20T17:35:45","modified_gmt":"2019-03-20T16:35:45","slug":"ueberblick-und-vergleich","status":"publish","type":"page","link":"https:\/\/mycalorieapp.de\/?page_id=134","title":{"rendered":"\u00dcberblick und Vergleich"},"content":{"rendered":"\n<table id=\"tablepress-1\" class=\"tablepress tablepress-id-1\">\n<thead>\n<tr class=\"row-1\">\n\t<th class=\"column-1\">App<\/th><th class=\"column-2\"><a href=\"https:\/\/www.mycalorieapp.de\/?page_id=142\" style=\"color: #666666\">Kalorien!<\/a><\/th><th class=\"column-3\"><a href=\"https:\/\/www.mycalorieapp.de\/?page_id=205\" style=\"color: #666666\">MyCalorieApp<\/a><\/th><th class=\"column-4\"><a href=\"https:\/\/www.mycalorieapp.de\/?page_id=179\" style=\"color: #666666\">Purin!<\/a><\/th>\n<\/tr>\n<\/thead>\n<tbody class=\"row-striping row-hover\">\n<tr class=\"row-2\">\n\t<td class=\"column-1\">Logo<\/td><td class=\"column-2\"><a href=\"https:\/\/www.mycalorieapp.de\/?page_id=142\"><img loading=\"lazy\" decoding=\"async\" src=\"https:\/\/www.mycalorieapp.de\/wp-content\/uploads\/2020\/09\/ccnf_logo_glossy-3.png\" alt=\"\" width=\"96\" height=\"96\" class=\"aligncenter size-full wp-image-160\" \/><\/a><\/td><td class=\"column-3\"><a href=\"https:\/\/www.mycalorieapp.de\/?page_id=205\"><img loading=\"lazy\" decoding=\"async\" src=\"https:\/\/www.mycalorieapp.de\/wp-content\/uploads\/2020\/09\/world_app_icon_96.png\" alt=\"\" width=\"96\" height=\"96\" class=\"aligncenter size-full wp-image-999\" \/><\/a><\/td><td class=\"column-4\"><a href=\"https:\/\/www.mycalorieapp.de\/?page_id=179\"><img loading=\"lazy\" decoding=\"async\" src=\"https:\/\/www.mycalorieapp.de\/wp-content\/uploads\/2021\/12\/ic_launcher_round.png\" alt=\"\" width=\"96\" height=\"96\" class=\"aligncenter size-full wp-image-999\" \/><\/a><\/td>\n<\/tr>\n<tr class=\"row-3\">\n\t<td class=\"column-1\">Typ<\/td><td class=\"column-2\">Offline, lokale Datenbank<\/td><td class=\"column-3\">Online, Datenbank des MyCalorieApp-Servers<\/td><td class=\"column-4\">Offline, lokale Datenbank<\/td>\n<\/tr>\n<tr class=\"row-4\">\n\t<td class=\"column-1\">Sprachen<\/td><td class=\"column-2\"><img loading=\"lazy\" decoding=\"async\" src=\"https:\/\/www.mycalorieapp.de\/wp-content\/uploads\/2019\/03\/DE.png\" alt=\"DE\" width=\"50\" height=\"50\" class=\"alignnone size-full wp-image-170\" \/><img loading=\"lazy\" decoding=\"async\" src=\"https:\/\/www.mycalorieapp.de\/wp-content\/uploads\/2019\/03\/US.png\" alt=\"US\" width=\"50\" height=\"50\" class=\"alignnone size-full wp-image-171\" \/><img loading=\"lazy\" decoding=\"async\" src=\"https:\/\/www.mycalorieapp.de\/wp-content\/uploads\/2019\/03\/ES.png\" alt=\"ES\" width=\"50\" height=\"50\" class=\"alignnone size-full wp-image-172\" \/><br><img loading=\"lazy\" decoding=\"async\" src=\"https:\/\/www.mycalorieapp.de\/wp-content\/uploads\/2019\/03\/FR.png\" alt=\"FR\" width=\"50\" height=\"50\" class=\"alignnone size-full wp-image-179\" \/><img loading=\"lazy\" decoding=\"async\" src=\"https:\/\/www.mycalorieapp.de\/wp-content\/uploads\/2019\/03\/IT.png\" alt=\"IT\" width=\"50\" height=\"50\" class=\"alignnone size-full wp-image-180\" \/><\/td><td class=\"column-3\"><img loading=\"lazy\" decoding=\"async\" src=\"https:\/\/www.mycalorieapp.de\/wp-content\/uploads\/2019\/03\/DE.png\" alt=\"DE\" width=\"50\" height=\"50\" class=\"alignnone size-full wp-image-170\" \/><img loading=\"lazy\" decoding=\"async\" src=\"https:\/\/www.mycalorieapp.de\/wp-content\/uploads\/2019\/03\/US.png\" alt=\"US\" width=\"50\" height=\"50\" class=\"alignnone size-full wp-image-171\" \/><img loading=\"lazy\" decoding=\"async\" src=\"https:\/\/www.mycalorieapp.de\/wp-content\/uploads\/2019\/03\/ES.png\" alt=\"ES\" width=\"50\" height=\"50\" class=\"alignnone size-full wp-image-172\" \/><br><img loading=\"lazy\" decoding=\"async\" src=\"http:\/\/www.mycalorieapp.de\/wp-content\/uploads\/2019\/03\/FR.png\" alt=\"FR\" width=\"50\" height=\"50\" class=\"alignnone size-full wp-image-179\" \/><img loading=\"lazy\" decoding=\"async\" src=\"https:\/\/mycalorieapp.de\/wp-content\/uploads\/2019\/03\/IT.png\" alt=\"IT\" width=\"50\" height=\"50\" class=\"alignnone size-full wp-image-180\" \/><\/td><td class=\"column-4\"><img loading=\"lazy\" decoding=\"async\" src=\"https:\/\/www.mycalorieapp.de\/wp-content\/uploads\/2019\/03\/DE.png\" alt=\"DE\" width=\"50\" height=\"50\" class=\"alignnone size-full wp-image-170\" \/><img loading=\"lazy\" decoding=\"async\" src=\"https:\/\/www.mycalorieapp.de\/wp-content\/uploads\/2019\/03\/US.png\" alt=\"US\" width=\"50\" height=\"50\" class=\"alignnone size-full wp-image-171\" \/><img loading=\"lazy\" decoding=\"async\" src=\"https:\/\/www.mycalorieapp.de\/wp-content\/uploads\/2019\/03\/ES.png\" alt=\"ES\" width=\"50\" height=\"50\" class=\"alignnone size-full wp-image-172\" \/><br><img loading=\"lazy\" decoding=\"async\" src=\"https:\/\/www.mycalorieapp.de\/wp-content\/uploads\/2019\/03\/FR.png\" alt=\"FR\" width=\"50\" height=\"50\" class=\"alignnone size-full wp-image-179\" \/><img loading=\"lazy\" decoding=\"async\" src=\"https:\/\/mycalorieapp.de\/wp-content\/uploads\/2019\/03\/IT.png\" alt=\"IT\" width=\"50\" height=\"50\" class=\"alignnone size-full wp-image-180\" \/><\/td>\n<\/tr>\n<tr class=\"row-5\">\n\t<td class=\"column-1\">Plattform<\/td><td class=\"column-2\"><img loading=\"lazy\" decoding=\"async\" src=\"https:\/\/www.mycalorieapp.de\/wp-content\/uploads\/2019\/03\/Android_Robot_50.png\" alt=\"Android\" width=\"50\" height=\"59\" class=\"aligncenter size-full wp-image-223\" \/><\/td><td class=\"column-3\"><img loading=\"lazy\" decoding=\"async\" src=\"https:\/\/www.mycalorieapp.de\/wp-content\/uploads\/2019\/03\/Android_Robot_50.png\" alt=\"Android\" width=\"50\" height=\"59\" class=\"aligncenter size-full wp-image-223\" \/><\/td><td class=\"column-4\"><img loading=\"lazy\" decoding=\"async\" src=\"https:\/\/www.mycalorieapp.de\/wp-content\/uploads\/2019\/03\/Android_Robot_50.png\" alt=\"Android\" width=\"50\" height=\"59\" class=\"aligncenter size-full wp-image-223\" \/><\/td>\n<\/tr>\n<tr class=\"row-6\">\n\t<td class=\"column-1\">Anmeldung erforderlich<\/td><td class=\"column-2\">nein<\/td><td class=\"column-3\">ja: Google \/ E-Mail &amp; Passwort<\/td><td class=\"column-4\">nein<\/td>\n<\/tr>\n<tr class=\"row-7\">\n\t<td class=\"column-1\">Lebensmittel (kostenlos)<\/td><td class=\"column-2\">mehr als 1.900<\/td><td class=\"column-3\">mehr als 160.000<\/td><td class=\"column-4\">-<\/td>\n<\/tr>\n<tr class=\"row-8\">\n\t<td class=\"column-1\">Zus\u00e4tzliche Lebensmittel (Pro-Platinum-Version)<\/td><td class=\"column-2\">mehr als 160.000<\/td><td class=\"column-3\">-<\/td><td class=\"column-4\">Pro: mehr als 1.600<\/td>\n<\/tr>\n<tr class=\"row-9\">\n\t<td class=\"column-1\">Barcode-Scanner<\/td><td class=\"column-2\">Pro-Platinum-Version<\/td><td class=\"column-3\">ja<\/td><td class=\"column-4\">nein (nicht sinnvoll)<\/td>\n<\/tr>\n<tr class=\"row-10\">\n\t<td class=\"column-1\">Neue Lebensmittel in App erstellen<\/td><td class=\"column-2\">ja<\/td><td class=\"column-3\">ja, Kontrolle durch MyCalorieApp-Team<\/td><td class=\"column-4\">ja<\/td>\n<\/tr>\n<tr class=\"row-11\">\n\t<td class=\"column-1\">Private Lebensmittel<\/td><td class=\"column-2\">ja<\/td><td class=\"column-3\">nein<\/td><td class=\"column-4\">ja<\/td>\n<\/tr>\n<tr class=\"row-12\">\n\t<td class=\"column-1\">Rezeptberechnung<\/td><td class=\"column-2\">25 kostenlos, unbegrenzt in Pro-Platinum-Version<\/td><td class=\"column-3\">25 kostenlos, 500 in Pro-Konto<\/td><td class=\"column-4\">unbegrenzt in Pro-Version<\/td>\n<\/tr>\n<tr class=\"row-13\">\n\t<td class=\"column-1\">Austausch von Rezepten<\/td><td class=\"column-2\">Pro-Platinum-Version: QR-Code<\/td><td class=\"column-3\">kostenlos: Rezeptb\u00f6rse f\u00fcr Rezepte und Listen<\/td><td class=\"column-4\">Pro-Version: QR-Code<\/td>\n<\/tr>\n<tr class=\"row-14\">\n\t<td class=\"column-1\">Speicherdauer f\u00fcr Verzehre und Trainings<\/td><td class=\"column-2\">unbegrenzt<\/td><td class=\"column-3\">3 Monate kostenlos, 2 Jahre in Pro-Konto<\/td><td class=\"column-4\">unbegrenzt<\/td>\n<\/tr>\n<tr class=\"row-15\">\n\t<td class=\"column-1\">Speicherdauer f\u00fcr Gewichtstagebuch<\/td><td class=\"column-2\">unbegrenzt<\/td><td class=\"column-3\">3 Jahre kostenlos, 10 Jahre in Pro-Konto<\/td><td class=\"column-4\">unbegrenzt<\/td>\n<\/tr>\n<tr class=\"row-16\">\n\t<td class=\"column-1\">Di\u00e4t-Assistent<\/td><td class=\"column-2\">kostenlos<\/td><td class=\"column-3\">kostenlos<\/td><td class=\"column-4\">Pro-Version<\/td>\n<\/tr>\n<tr class=\"row-17\">\n\t<td class=\"column-1\">Definition der Energieverteilung<\/td><td class=\"column-2\">Pro-Classic-Version<\/td><td class=\"column-3\">Pro-Konto<\/td><td class=\"column-4\">Pro-Version<\/td>\n<\/tr>\n<tr class=\"row-18\">\n\t<td class=\"column-1\">Individuelle Tagesvorgaben (Gramm)<\/td><td class=\"column-2\">Pro-Classic-Version<\/td><td class=\"column-3\">Pro-Konto<\/td><td class=\"column-4\">Pro-Version<\/td>\n<\/tr>\n<tr class=\"row-19\">\n\t<td class=\"column-1\">Konfiguration der Mahlzeiten<\/td><td class=\"column-2\">Pro-Platinum-Version<\/td><td class=\"column-3\">Pro-Konto<\/td><td class=\"column-4\">Pro-Version<\/td>\n<\/tr>\n<tr class=\"row-20\">\n\t<td class=\"column-1\">Sportarten<\/td><td class=\"column-2\">mehr als 480<\/td><td class=\"column-3\">mehr als 480<\/td><td class=\"column-4\">mehr als 480<\/td>\n<\/tr>\n<tr class=\"row-21\">\n\t<td class=\"column-1\">Neue Sportarten in App erstellen<\/td><td class=\"column-2\">ja<\/td><td class=\"column-3\">nein<\/td><td class=\"column-4\">ja<\/td>\n<\/tr>\n<tr class=\"row-22\">\n\t<td class=\"column-1\">Google Health Connect<\/td><td class=\"column-2\">kostenlos<\/td><td class=\"column-3\">kostenlos<\/td><td class=\"column-4\">Pro-Version<\/td>\n<\/tr>\n<tr class=\"row-23\">\n\t<td class=\"column-1\">Unterst\u00fctzte N\u00e4hrwerte (kostenlos)<\/td><td class=\"column-2\">kcal\/kJ, Fett, ges\u00e4ttigte Fetts\u00e4uren, einfach unges\u00e4ttigte Fetts\u00e4uren, mehrfach unges\u00e4ttigte Fetts\u00e4uren, Cholesterin, Kohlenhydrate, Zucker, Ballaststoffe, Eiwei\u00df, Salz\/Natrium, Wasser, BE\/KE, Alkohol, Kalium, Kalzium, Magnesium, Eisen, Zink, Jod, Fols\u00e4ure, Vitamin A, B1, B2, B6, Vitamin C, Vitamin E, Niacin (Vitamin B3), Vitamin B12, D, K, Fruktose, St\u00e4rke, Phosphor, Chlorid, Pantothens\u00e4ure (Vitamin B5)<\/td><td class=\"column-3\">kcal\/kJ, Fett, ges\u00e4ttigte Fetts\u00e4uren, einfach unges\u00e4ttigte Fetts\u00e4uren, mehrfach unges\u00e4ttigte Fetts\u00e4uren, Cholesterin, Kohlenhydrate, St\u00e4rke, Zucker, Fruktose, Ballaststoffe, Eiwei\u00df, Salz\/Natrium, Wasser, BE\/KE, Alkohol, Kalium, Kalzium, Magnesium, Phosphor, Chlorid, Eisen, Zink, Jod, Fols\u00e4ure, Vitamin A, B1, B2, B6, B12, C, D, E, K, Niacin (Vitamin B3), Pantothens\u00e4ure<\/td><td class=\"column-4\">-<\/td>\n<\/tr>\n<tr class=\"row-24\">\n\t<td class=\"column-1\">Unterst\u00fctzte N\u00e4hrwerte (Pro-Classic-Version\/Pro-Konto\/Pro-Version)<\/td><td class=\"column-2\">Skaldeman-Index<\/td><td class=\"column-3\">Skaldeman-Index<\/td><td class=\"column-4\">Purin\/Harns\u00e4ure, kcal\/kJ, Fett, ges\u00e4ttigte Fetts\u00e4uren, einfach unges\u00e4ttigte Fetts\u00e4uren, mehrfach unges\u00e4ttigte Fetts\u00e4uren, Kohlenhydrate, Zucker, Fruktose, Ballaststoffe, Eiwei\u00df, Salz\/Natrium, Wasser, BE\/KE, Alkohol, Vitamin C<\/td>\n<\/tr>\n<tr class=\"row-25\">\n\t<td class=\"column-1\">Abdeckung der N\u00e4hrwerte<\/td><td class=\"column-2\">bei Basis-Lebensmitteln fast vollst\u00e4ndig, sonst Grundwerte fast vollst\u00e4ndig<\/td><td class=\"column-3\">bei Basis-Lebensmitteln fast vollst\u00e4ndig, sonst Grundwerte fast vollst\u00e4ndig<\/td><td class=\"column-4\">bei Basis-Lebensmitteln fast vollst\u00e4ndig, sonst Grundwerte fast vollst\u00e4ndig<\/td>\n<\/tr>\n<tr class=\"row-26\">\n\t<td class=\"column-1\">Tagebucheintr\u00e4ge f\u00fcr zuk\u00fcnftige Tage<\/td><td class=\"column-2\">Pro-Classic-Version<\/td><td class=\"column-3\">Pro-Konto<\/td><td class=\"column-4\">Pro-Version<\/td>\n<\/tr>\n<tr class=\"row-27\">\n\t<td class=\"column-1\">Express-Eingabe<\/td><td class=\"column-2\">kostenlos (verzehrte  + verbrannte Kalorien)<\/td><td class=\"column-3\">kostenlos (verzehrte  + verbrannte Kalorien)<\/td><td class=\"column-4\">Pro-Version (verzehrte  + verbrannte Kalorien, verzehrtes Purin\/Harns\u00e4ure)<\/td>\n<\/tr>\n<tr class=\"row-28\">\n\t<td class=\"column-1\">Stimmung und Tagesnotiz<\/td><td class=\"column-2\">Pro-Classic-Version<\/td><td class=\"column-3\">Pro-Konto<\/td><td class=\"column-4\">Pro-Version<\/td>\n<\/tr>\n<tr class=\"row-29\">\n\t<td class=\"column-1\">Gewichtstagebuch (kostenlos)<\/td><td class=\"column-2\">Gewicht, BMI, K\u00f6rperfett, Notiz<\/td><td class=\"column-3\">Gewicht, BMI, K\u00f6rperfett, Notiz<\/td><td class=\"column-4\">-<\/td>\n<\/tr>\n<tr class=\"row-30\">\n\t<td class=\"column-1\">Gewichtstagebuch (Pro-Classic-Version\/Pro-Konto\/Pro-Version)<\/td><td class=\"column-2\">Muskelanteil, Wasseranteil, H\u00fcftumfang, Taillenumfang, Brustumfang, Unterbrust, Oberarm, Oberschenkel, Knie, Wade<\/td><td class=\"column-3\">Muskelanteil, Wasseranteil, H\u00fcftumfang, Taillenumfang, Brustumfang, Unterbrust, Oberarm, Oberschenkel, Knie, Wade<\/td><td class=\"column-4\">Gewicht, BMI, K\u00f6rperfett, Notiz, Muskelanteil, Wasseranteil, H\u00fcftumfang, Taillenumfang, Brustumfang, Unterbrust, Oberarm, Oberschenkel, Knie, Wade<\/td>\n<\/tr>\n<tr class=\"row-31\">\n\t<td class=\"column-1\">T\u00e4gliche Werte<\/td><td class=\"column-2\">Pro-Platinum-Version<\/td><td class=\"column-3\">Pro-Konto<\/td><td class=\"column-4\">Pro-Version<\/td>\n<\/tr>\n<tr class=\"row-32\">\n\t<td class=\"column-1\">Automatische Synchronisation des Tagebuchs auf mehrere Ger\u00e4te<\/td><td class=\"column-2\">nein<\/td><td class=\"column-3\">ja<\/td><td class=\"column-4\">nein<\/td>\n<\/tr>\n<tr class=\"row-33\">\n\t<td class=\"column-1\">Daten\u00fcbertragung<\/td><td class=\"column-2\">2x pro Jahr (kostenlos),<br \/>\n5x in 24 h (Pro-Platinum-Version)<\/td><td class=\"column-3\">nein<br \/>\n<\/td><td class=\"column-4\">5x in 24 h (Pro-Version)<\/td>\n<\/tr>\n<tr class=\"row-34\">\n\t<td class=\"column-1\">Export und Teilen von Bildern<\/td><td class=\"column-2\">kostenlos<\/td><td class=\"column-3\">kostenlos<\/td><td class=\"column-4\">Pro-Version<\/td>\n<\/tr>\n<tr class=\"row-35\">\n\t<td class=\"column-1\">Drucken<\/td><td class=\"column-2\">Pro-Platinum-Version<\/td><td class=\"column-3\">Pro-Konto<\/td><td class=\"column-4\">Pro-Version<\/td>\n<\/tr>\n<tr class=\"row-36\">\n\t<td class=\"column-1\">PDF-Export<\/td><td class=\"column-2\">Pro-Platinum-Version<\/td><td class=\"column-3\">Pro-Konto<\/td><td class=\"column-4\">Pro-Version<\/td>\n<\/tr>\n<tr class=\"row-37\">\n\t<td class=\"column-1\">CSV-Export<\/td><td class=\"column-2\">Pro-Platinum-Version<\/td><td class=\"column-3\">Pro-Konto<\/td><td class=\"column-4\">Pro-Version<\/td>\n<\/tr>\n<tr class=\"row-38\">\n\t<td class=\"column-1\">Widgets<\/td><td class=\"column-2\">1 kostenlos (verbleibende Energie), 2 in Pro-Classic-Version (Energie, Makros)<\/td><td class=\"column-3\">1 kostenlos (verbleibende Energie), 2 in Pro-Konto (Energie, Makros)<\/td><td class=\"column-4\">3 in Pro-Version (verbleibendes Purin\/Harns\u00e4ure, Energie, Makros)<\/td>\n<\/tr>\n<tr class=\"row-39\">\n\t<td class=\"column-1\">Sicherung<\/td><td class=\"column-2\">lokal, Google Drive<\/td><td class=\"column-3\">-<\/td><td class=\"column-4\">lokal, Google Drive<\/td>\n<\/tr>\n<tr class=\"row-40\">\n\t<td class=\"column-1\">Download<\/td><td class=\"column-2\"><a href=\"https:\/\/play.google.com\/store\/apps\/details?id=org.digitalcure.ccnf.app\" target=\"_blank\" rel=\"noopener noreferrer\"><img decoding=\"async\" src=\"https:\/\/www.mycalorieapp.de\/wp-content\/uploads\/2019\/03\/Google_Play_Store_badge_DE-300x90.png\" alt=\"Google Play Store\" width=\"160\" class=\"aligncenter size-medium wp-image-263\" \/><\/a><br><a href=\"https:\/\/galaxystore.samsung.com\/detail\/org.digitalcure.ccnf.app\" target=\"_blank\" rel=\"noopener noreferrer\"><img decoding=\"async\" src=\"https:\/\/www.mycalorieapp.de\/wp-content\/uploads\/2019\/03\/Samsung_Galaxy_Apps_badge_EN-300x114.png\" alt=\"Samsung Galaxy Apps\" width=\"160\" class=\"aligncenter size-medium wp-image-268\" \/><\/a><\/td><td class=\"column-3\"><a href=\"https:\/\/play.google.com\/store\/apps\/details?id=org.digitalcure.ccnf.world\" target=\"_blank\" rel=\"noopener noreferrer\"><img decoding=\"async\" src=\"https:\/\/www.mycalorieapp.de\/wp-content\/uploads\/2019\/03\/Google_Play_Store_badge_DE-300x90.png\" alt=\"Google Play Store\" width=\"160\" class=\"aligncenter size-medium wp-image-263\" \/><\/a><br><a href=\"https:\/\/galaxystore.samsung.com\/detail\/org.digitalcure.ccnf.world\" target=\"_blank\" rel=\"noopener noreferrer\"><img decoding=\"async\" src=\"https:\/\/www.mycalorieapp.de\/wp-content\/uploads\/2019\/03\/Samsung_Galaxy_Apps_badge_EN-300x114.png\" alt=\"Samsung Galaxy Apps\" width=\"160\" class=\"aligncenter size-medium wp-image-268\" \/><\/a><\/td><td class=\"column-4\"><a href=\"https:\/\/play.google.com\/store\/apps\/details?id=org.digitalcure.ccnf.gout2\" target=\"_blank\" rel=\"noopener noreferrer\"><img decoding=\"async\" src=\"https:\/\/www.mycalorieapp.de\/wp-content\/uploads\/2019\/03\/Google_Play_Store_badge_DE-300x90.png\" alt=\"Google Play Store\" width=\"160\" class=\"aligncenter size-medium wp-image-263\" \/><\/a><br><a href=\"https:\/\/galaxystore.samsung.com\/detail\/org.digitalcure.ccnf.gout2\" target=\"_blank\" rel=\"noopener noreferrer\"><img decoding=\"async\" src=\"https:\/\/www.mycalorieapp.de\/wp-content\/uploads\/2019\/03\/Samsung_Galaxy_Apps_badge_EN-300x114.png\" alt=\"Samsung Galaxy Apps\" width=\"160\" class=\"aligncenter size-medium wp-image-268\" \/><\/a><\/td>\n<\/tr>\n<tr class=\"row-41\">\n\t<td class=\"column-1\">App<\/td><td class=\"column-2\"><a href=\"https:\/\/www.mycalorieapp.de\/?page_id=142\" style=\"color: #666666\">Kalorien!<\/a><\/td><td class=\"column-3\"><a href=\"https:\/\/www.mycalorieapp.de\/?page_id=205\" style=\"color: #666666\">MyCalorieApp<\/a><\/td><td class=\"column-4\"><a href=\"https:\/\/www.mycalorieapp.de\/?page_id=179\" style=\"color: #666666\">Purin!<\/a><\/td>\n<\/tr>\n<\/tbody>\n<\/table>\n<!-- #tablepress-1 from cache -->\n","protected":false},"excerpt":{"rendered":"","protected":false},"author":1,"featured_media":0,"parent":0,"menu_order":0,"comment_status":"closed","ping_status":"closed","template":"","meta":{"footnotes":""},"class_list":["post-134","page","type-page","status-publish","hentry","","tg-column-two"],"_links":{"self":[{"href":"https:\/\/mycalorieapp.de\/index.php?rest_route=\/wp\/v2\/pages\/134","targetHints":{"allow":["GET"]}}],"collection":[{"href":"https:\/\/mycalorieapp.de\/index.php?rest_route=\/wp\/v2\/pages"}],"about":[{"href":"https:\/\/mycalorieapp.de\/index.php?rest_route=\/wp\/v2\/types\/page"}],"author":[{"embeddable":true,"href":"https:\/\/mycalorieapp.de\/index.php?rest_route=\/wp\/v2\/users\/1"}],"replies":[{"embeddable":true,"href":"https:\/\/mycalorieapp.de\/index.php?rest_route=%2Fwp%2Fv2%2Fcomments&post=134"}],"version-history":[{"count":1,"href":"https:\/\/mycalorieapp.de\/index.php?rest_route=\/wp\/v2\/pages\/134\/revisions"}],"predecessor-version":[{"id":135,"href":"https:\/\/mycalorieapp.de\/index.php?rest_route=\/wp\/v2\/pages\/134\/revisions\/135"}],"wp:attachment":[{"href":"https:\/\/mycalorieapp.de\/index.php?rest_route=%2Fwp%2Fv2%2Fmedia&parent=134"}],"curies":[{"name":"wp","href":"https:\/\/api.w.org\/{rel}","templated":true}]}}